{"id":47,"date":"2024-05-04T16:42:12","date_gmt":"2024-05-04T14:42:12","guid":{"rendered":"https:\/\/wadirumdune.com\/?page_id=47"},"modified":"2024-10-09T20:26:06","modified_gmt":"2024-10-09T18:26:06","slug":"\u6211\u4eec\u662f\u8c01","status":"publish","type":"page","link":"https:\/\/wadirumdune.com\/zh\/\u6211\u4eec\u662f\u8c01\/","title":{"rendered":"\u6211\u4eec\u662f\u8c01\uff1f"},"content":{"rendered":"<div data-elementor-type=\"wp-page\" data-elementor-id=\"47\" class=\"elementor elementor-47\" data-elementor-post-type=\"page\">\n\t\t\t\t<div data-particle_enable=\"false\" data-particle-mobile-disabled=\"false\" class=\"elementor-element elementor-element-3e26c84 e-con-full e-flex e-con e-parent\" data-id=\"3e26c84\" data-element_type=\"container\" data-e-type=\"container\" data-settings=\"{&quot;background_background&quot;:&quot;classic&quot;,&quot;animation&quot;:&quot;none&quot;}\">\n\t\t<div data-particle_enable=\"false\" data-particle-mobile-disabled=\"false\" class=\"elementor-element elementor-element-6d286d5 e-con-full e-flex e-con e-child\" data-id=\"6d286d5\" data-element_type=\"container\" data-e-type=\"container\">\n\t\t\t\t<div class=\"elementor-element elementor-element-500bbae eael-dual-header-content-align-center elementor-invisible elementor-widget elementor-widget-eael-dual-color-header\" data-id=\"500bbae\" data-element_type=\"widget\" data-e-type=\"widget\" data-settings=\"{&quot;_animation&quot;:&quot;fadeInRight&quot;}\" data-widget_type=\"eael-dual-color-header.default\">\n\t\t\t\t<div class=\"elementor-widget-container\">\n\t\t\t\t\t\t\t\t<div class=\"eael-dual-header\">\n\t\t\t\t<h1 class=\"title eael-dch-title\"><span class=\"eael-dch-title-text eael-dch-title-lead lead solid-color\">WADI RUM<\/span> <span class=\"eael-dch-title-text\">DUNE<\/span><\/h1>\t\t\t<\/div>\n\n\t\t\t\t\t\t<\/div>\n\t\t\t\t<\/div>\n\t\t\t\t<div class=\"elementor-element elementor-element-9a2e4d2 elementor-invisible elementor-widget elementor-widget-heading\" data-id=\"9a2e4d2\" data-element_type=\"widget\" data-e-type=\"widget\" data-settings=\"{&quot;_animation&quot;:&quot;fadeInRight&quot;}\" data-widget_type=\"heading.default\">\n\t\t\t\t<div class=\"elementor-widget-container\">\n\t\t\t\t\t<h2 class=\"elementor-heading-title elementor-size-default\">\u65c5\u6e38\u548c\u8425\u5730<\/h2>\t\t\t\t<\/div>\n\t\t\t\t<\/div>\n\t\t\t\t<div class=\"elementor-element elementor-element-d8d4111 elementor-invisible elementor-widget elementor-widget-heading\" data-id=\"d8d4111\" data-element_type=\"widget\" data-e-type=\"widget\" data-settings=\"{&quot;_animation&quot;:&quot;fadeInRight&quot;}\" data-widget_type=\"heading.default\">\n\t\t\t\t<div class=\"elementor-widget-container\">\n\t\t\t\t\t<h2 class=\"elementor-heading-title elementor-size-default\">\u6211\u4eec\u662f\u8c01\uff1f<\/h2>\t\t\t\t<\/div>\n\t\t\t\t<\/div>\n\t\t\t\t<div class=\"elementor-element elementor-element-6a78c8e elementor-align-center elementor-invisible elementor-widget elementor-widget-button\" data-id=\"6a78c8e\" data-element_type=\"widget\" data-e-type=\"widget\" data-settings=\"{&quot;_animation&quot;:&quot;fadeInRight&quot;}\" data-widget_type=\"button.default\">\n\t\t\t\t<div class=\"elementor-widget-container\">\n\t\t\t\t\t\t\t\t\t<div class=\"elementor-button-wrapper\">\n\t\t\t\t\t<a class=\"elementor-button elementor-button-link elementor-size-sm\" href=\"https:\/\/wadirumdune.com\/zh\/\u9884\u8ba2\/\">\n\t\t\t\t\t\t<span class=\"elementor-button-content-wrapper\">\n\t\t\t\t\t\t\t\t\t<span class=\"elementor-button-text\">\u9884\u8ba2\u4f53\u9a8c<\/span>\n\t\t\t\t\t<\/span>\n\t\t\t\t\t<\/a>\n\t\t\t\t<\/div>\n\t\t\t\t\t\t\t\t<\/div>\n\t\t\t\t<\/div>\n\t\t\t\t<\/div>\n\t\t\t\t<\/div>\n\t\t<div data-particle_enable=\"false\" data-particle-mobile-disabled=\"false\" class=\"elementor-element elementor-element-5e10c03 e-flex e-con-boxed e-con e-parent\" data-id=\"5e10c03\" data-element_type=\"container\" data-e-type=\"container\">\n\t\t\t\t\t<div class=\"e-con-inner\">\n\t\t<div data-particle_enable=\"false\" data-particle-mobile-disabled=\"false\" class=\"elementor-element elementor-element-b60a47d e-flex e-con-boxed e-con e-child\" data-id=\"b60a47d\" data-element_type=\"container\" data-e-type=\"container\">\n\t\t\t\t\t<div class=\"e-con-inner\">\n\t\t<div data-particle_enable=\"false\" data-particle-mobile-disabled=\"false\" class=\"elementor-element elementor-element-ebd6da9 e-flex e-con-boxed elementor-invisible e-con e-child\" data-id=\"ebd6da9\" data-element_type=\"container\" data-e-type=\"container\" data-settings=\"{&quot;animation&quot;:&quot;fadeInUp&quot;}\">\n\t\t\t\t\t<div class=\"e-con-inner\">\n\t\t\t\t<div class=\"elementor-element elementor-element-bea5490 elementor-widget elementor-widget-image\" data-id=\"bea5490\" data-element_type=\"widget\" data-e-type=\"widget\" data-widget_type=\"image.default\">\n\t\t\t\t<div class=\"elementor-widget-container\">\n\t\t\t\t\t\t\t\t\t\t\t\t\t\t\t<img fetchpriority=\"high\" decoding=\"async\" width=\"1600\" height=\"1200\" src=\"https:\/\/wadirumdune.com\/wp-content\/uploads\/2024\/06\/4651.jpeg\" class=\"attachment-full size-full wp-image-3322\" alt=\"\u74e6\u8fea\u62c9\u59c6\u6c99\u4e18\" srcset=\"https:\/\/wadirumdune.com\/wp-content\/uploads\/2024\/06\/4651.jpeg 1600w, https:\/\/wadirumdune.com\/wp-content\/uploads\/2024\/06\/4651-300x225.jpeg 300w, https:\/\/wadirumdune.com\/wp-content\/uploads\/2024\/06\/4651-1024x768.jpeg 1024w, https:\/\/wadirumdune.com\/wp-content\/uploads\/2024\/06\/4651-768x576.jpeg 768w, https:\/\/wadirumdune.com\/wp-content\/uploads\/2024\/06\/4651-1536x1152.jpeg 1536w, https:\/\/wadirumdune.com\/wp-content\/uploads\/2024\/06\/4651-600x450.jpeg 600w\" sizes=\"(max-width: 1600px) 100vw, 1600px\" \/>\t\t\t\t\t\t\t\t\t\t\t\t\t\t\t<\/div>\n\t\t\t\t<\/div>\n\t\t\t\t\t<\/div>\n\t\t\t\t<\/div>\n\t\t<div data-particle_enable=\"false\" data-particle-mobile-disabled=\"false\" class=\"elementor-element elementor-element-52d5fa6 e-flex e-con-boxed elementor-invisible e-con e-child\" data-id=\"52d5fa6\" data-element_type=\"container\" data-e-type=\"container\" data-settings=\"{&quot;animation&quot;:&quot;fadeInUp&quot;}\">\n\t\t\t\t\t<div class=\"e-con-inner\">\n\t\t\t\t<div class=\"elementor-element elementor-element-7d7d98f elementor-widget elementor-widget-text-editor\" data-id=\"7d7d98f\" data-element_type=\"widget\" data-e-type=\"widget\" data-widget_type=\"text-editor.default\">\n\t\t\t\t<div class=\"elementor-widget-container\">\n\t\t\t\t\t\t\t\t\t<p>\u60a8\u597d\uff0c\u6b22\u8fce\u5149\u4e34\uff01\u6211\u53eb Daifallah\uff0c\u662f\u4e00\u540d\u70ed\u60c5\u6d0b\u6ea2\u7684\u8d1d\u90fd\u56e0\u5bfc\u6e38\uff0c\u5728\u58ee\u4e3d\u7684\u74e6\u8fea\u62c9\u59c6\u6c99\u6f20\u571f\u751f\u571f\u957f\u3002\u6211\u7684\u76ee\u6807\u662f\u4e3a\u60a8\u63d0\u4f9b\u4e00\u6b21\u96be\u5fd8\u800c\u771f\u5b9e\u7684\u63a2\u9669\u4e4b\u65c5\uff0c\u4e0e\u60a8\u5206\u4eab\u8fd9\u7247\u58ee\u4e3d\u666f\u89c2\u7684\u7f8e\u4e3d\u4e0e\u4e30\u5bcc\u3002<\/p><p><strong>\u6211\u7684\u65c5\u7a0b<\/strong><\/p><p>\u6211\u6765\u81ea\u8d1d\u90fd\u56e0\u793e\u533a\uff0c\u5728\u74e6\u8fea\u62c9\u59c6\u96c4\u4f1f\u7684\u6c99\u4e18\u548c\u5ca9\u5c42\u73af\u7ed5\u4e2d\u957f\u5927\u3002\u8fd9\u4e2a\u5730\u533a\u5bf9\u6211\u6765\u8bf4\u6ca1\u6709\u79d8\u5bc6\uff0c\u6211\u5bf9\u6c99\u6f20\u7684\u6df1\u5165\u4e86\u89e3\u610f\u5473\u7740\u6211\u53ef\u4ee5\u5e26\u9886\u60a8\u9886\u7565\u6c99\u6f20\u7684\u5947\u89c2\uff0c\u4ece\u6700\u8457\u540d\u7684\u666f\u70b9\u5230\u53ea\u6709\u5f53\u5730\u4eba\u624d\u77e5\u9053\u7684\u9690\u85cf\u5b9d\u85cf\u3002<\/p><p><a href=\"https:\/\/wadirumdune.com\/zh\/\u9884\u8ba2\/\">\u7acb\u5373\u9884\u8ba2\u4f53\u9a8c<\/a><\/p>\t\t\t\t\t\t\t\t<\/div>\n\t\t\t\t<\/div>\n\t\t\t\t\t<\/div>\n\t\t\t\t<\/div>\n\t\t\t\t\t<\/div>\n\t\t\t\t<\/div>\n\t\t<div data-particle_enable=\"false\" data-particle-mobile-disabled=\"false\" class=\"elementor-element elementor-element-6a5de1a e-flex e-con-boxed e-con e-child\" data-id=\"6a5de1a\" data-element_type=\"container\" data-e-type=\"container\">\n\t\t\t\t\t<div class=\"e-con-inner\">\n\t\t<div data-particle_enable=\"false\" data-particle-mobile-disabled=\"false\" class=\"elementor-element elementor-element-e62a292 e-flex e-con-boxed e-con e-child\" data-id=\"e62a292\" data-element_type=\"container\" data-e-type=\"container\">\n\t\t\t\t\t<div class=\"e-con-inner\">\n\t\t\t\t<div class=\"elementor-element elementor-element-3961a9f elementor-widget-divider--view-line elementor-invisible elementor-widget elementor-widget-divider\" data-id=\"3961a9f\" data-element_type=\"widget\" data-e-type=\"widget\" data-settings=\"{&quot;_animation&quot;:&quot;fadeInUp&quot;,&quot;_animation_delay&quot;:300}\" data-widget_type=\"divider.default\">\n\t\t\t\t<div class=\"elementor-widget-container\">\n\t\t\t\t\t\t\t<div class=\"elementor-divider\">\n\t\t\t<span class=\"elementor-divider-separator\">\n\t\t\t\t\t\t<\/span>\n\t\t<\/div>\n\t\t\t\t\t\t<\/div>\n\t\t\t\t<\/div>\n\t\t\t\t<div class=\"elementor-element elementor-element-82f9b33 elementor-invisible elementor-widget elementor-widget-heading\" data-id=\"82f9b33\" data-element_type=\"widget\" data-e-type=\"widget\" data-settings=\"{&quot;_animation&quot;:&quot;fadeInUp&quot;}\" data-widget_type=\"heading.default\">\n\t\t\t\t<div class=\"elementor-widget-container\">\n\t\t\t\t\t<h2 class=\"elementor-heading-title elementor-size-default\">\u4e3a\u4ec0\u4e48\u9009\u62e9\u6211\u4eec<\/h2>\t\t\t\t<\/div>\n\t\t\t\t<\/div>\n\t\t\t\t<div class=\"elementor-element elementor-element-e146f6a elementor-invisible elementor-widget elementor-widget-eael-image-accordion\" data-id=\"e146f6a\" data-element_type=\"widget\" data-e-type=\"widget\" data-settings=\"{&quot;_animation&quot;:&quot;fadeInUp&quot;}\" data-widget_type=\"eael-image-accordion.default\">\n\t\t\t\t<div class=\"elementor-widget-container\">\n\t\t\t\t\t    <div class=\"eael-img-accordion accordion-direction-horizontal eael-img-accordion-horizontal-align-center eael-img-accordion-vertical-align-center\" id=\"eael-img-accordion-e146f6a\" data-img-accordion-id=\"e146f6a\" data-img-accordion-type=\"on-hover\">\n                    \n            <div class=\"eael-image-accordion-hover eael-image-accordion-item\" style=\"background-image: url(https:\/\/wadirumdune.com\/wp-content\/uploads\/2024\/06\/1546819942.jpg);\"  tabindex=\"0\">\n                <div class=\"overlay\">\n                                        <div class=\"overlay-inner\">\n                        <h2 class=\"img-accordion-title\">\u672c\u5730\u4e13\u4e1a\u77e5\u8bc6<\/h2>                            <p><p>\u6211\u5728\u8fd9\u4e00\u5730\u533a\u62e5\u6709\u591a\u5e74\u7684\u5bfc\u6e38\u7ecf\u9a8c\uff0c\u53ef\u4ee5\u4e3a\u60a8\u63d0\u4f9b\u65e0\u4e0e\u4f26\u6bd4\u7684\u4e13\u4e1a\u77e5\u8bc6\uff0c\u4ee5\u53ca\u5bf9\u74e6\u8fea\u62c9\u59c6\u6c99\u6f20\u7684\u771f\u6b63\u70ed\u60c5\u3002<\/p><\/p>\n                                            <\/div>\n                <\/div>\n            <\/div>\n                    \n            <div class=\"eael-image-accordion-hover eael-image-accordion-item\" style=\"background-image: url(https:\/\/wadirumdune.com\/wp-content\/uploads\/2024\/06\/vecteezy_um-fruth-rock-arch-in-wadi-rum-jordan_1986597.jpg);\"  tabindex=\"0\">\n                <div class=\"overlay\">\n                                        <div class=\"overlay-inner\">\n                        <h2 class=\"img-accordion-title\">\u6587\u5316\u9082\u9005<\/h2>                            <p><p>\u901a\u8fc7\u4e86\u89e3\u6211\u4eec\u7684\u4e60\u4fd7\u3001\u97f3\u4e50\u548c\u821e\u8e48\uff0c\u8ba9\u81ea\u5df1\u6c89\u6d78\u5728\u8d1d\u90fd\u56e0\u6587\u5316\u4e2d\u3002\u4e0e\u6211\u7684\u5bb6\u4eba\u548c\u793e\u533a\u5206\u4eab\u771f\u5b9e\u7684\u65f6\u523b\u3002<\/p><\/p>\n                                            <\/div>\n                <\/div>\n            <\/div>\n                    \n            <div class=\"eael-image-accordion-hover eael-image-accordion-item\" style=\"background-image: url(https:\/\/wadirumdune.com\/wp-content\/uploads\/2024\/06\/1226342102.jpg);\"  tabindex=\"0\">\n                <div class=\"overlay\">\n                                        <div class=\"overlay-inner\">\n                        <h2 class=\"img-accordion-title\">\u5c0a\u91cd\u4e0e\u53ef\u6301\u7eed\u6027<\/h2>                            <p><p>\u4f5c\u4e3a\u8fd9\u4e00\u58ee\u4e3d\u73af\u5883\u7684\u5b88\u62a4\u8005\uff0c\u6211\u81f4\u529b\u4e8e\u5f00\u5c55\u8d1f\u8d23\u4efb\u7684\u53ef\u6301\u7eed\u65c5\u6e38\u4e1a\uff0c\u5c0a\u91cd\u81ea\u7136\u548c\u5f53\u5730\u4f20\u7edf\u3002<\/p><\/p>\n                                            <\/div>\n                <\/div>\n            <\/div>\n                    \n            <div class=\"eael-image-accordion-hover eael-image-accordion-item\" style=\"background-image: url(https:\/\/wadirumdune.com\/wp-content\/uploads\/2024\/06\/IMG-20210809-WA0015.jpeg);\"  tabindex=\"0\">\n                <div class=\"overlay\">\n                                        <div class=\"overlay-inner\">\n                        <h2 class=\"img-accordion-title\">\u4e2a\u6027\u5316\u4f53\u9a8c<\/h2>                            <p><p>\u65e0\u8bba\u60a8\u662f\u5927\u80c6\u7684\u5192\u9669\u5bb6\uff0c\u8fd8\u662f\u8ffd\u6c42\u5b81\u9759\u7684\u4eba\uff0c\u6211\u90fd\u4f1a\u6839\u636e\u60a8\u7684\u610f\u613f\uff0c\u4e3a\u60a8\u91cf\u8eab\u5b9a\u5236\u884c\u7a0b\u3002<\/p><\/p>\n                                            <\/div>\n                <\/div>\n            <\/div>\n                <\/div>\n        <style typr=\"text\/css\">\n                    #eael-img-accordion-e146f6a .eael-image-accordion-hover:hover {\n                        flex: 3 1 0% !important;\n                    }\n                    #eael-img-accordion-e146f6a .eael-image-accordion-hover:hover:hover .overlay-inner * {\n                        opacity: 1;\n                        visibility: visible;\n                        transform: none;\n                        transition: all .3s .3s;\n                    }\n                <\/style>\t\t\t\t<\/div>\n\t\t\t\t<\/div>\n\t\t\t\t\t<\/div>\n\t\t\t\t<\/div>\n\t\t\t\t\t<\/div>\n\t\t\t\t<\/div>\n\t\t\t\t\t<\/div>\n\t\t\t\t<\/div>\n\t\t\t\t<\/div>","protected":false},"excerpt":{"rendered":"<p>WADI RUM DUNE Tours &amp; Camp Qui sommes-nous ? R\u00e9server votre exp\u00e9rience Bonjour et bienvenue ! Je m&rsquo;appelle Daifallah, et je suis un guide touristique b\u00e9douin passionn\u00e9, n\u00e9 et \u00e9lev\u00e9 dans le magnifique d\u00e9sert de Wadi Rum. Mon but est de vous faire vivre une aventure inoubliable et authentique, en partageant avec vous la beaut\u00e9 [&hellip;]<\/p>","protected":false},"author":1,"featured_media":0,"parent":0,"menu_order":0,"comment_status":"closed","ping_status":"closed","template":"","meta":{"footnotes":""},"class_list":["post-47","page","type-page","status-publish","hentry"],"jetpack_sharing_enabled":true,"_links":{"self":[{"href":"https:\/\/wadirumdune.com\/zh\/wp-json\/wp\/v2\/pages\/47","targetHints":{"allow":["GET"]}}],"collection":[{"href":"https:\/\/wadirumdune.com\/zh\/wp-json\/wp\/v2\/pages"}],"about":[{"href":"https:\/\/wadirumdune.com\/zh\/wp-json\/wp\/v2\/types\/page"}],"author":[{"embeddable":true,"href":"https:\/\/wadirumdune.com\/zh\/wp-json\/wp\/v2\/users\/1"}],"replies":[{"embeddable":true,"href":"https:\/\/wadirumdune.com\/zh\/wp-json\/wp\/v2\/comments?post=47"}],"version-history":[{"count":6,"href":"https:\/\/wadirumdune.com\/zh\/wp-json\/wp\/v2\/pages\/47\/revisions"}],"predecessor-version":[{"id":5447,"href":"https:\/\/wadirumdune.com\/zh\/wp-json\/wp\/v2\/pages\/47\/revisions\/5447"}],"wp:attachment":[{"href":"https:\/\/wadirumdune.com\/zh\/wp-json\/wp\/v2\/media?parent=47"}],"curies":[{"name":"wp","href":"https:\/\/api.w.org\/{rel}","templated":true}]}}