{"id":3532,"date":"2024-06-03T00:55:47","date_gmt":"2024-06-02T22:55:47","guid":{"rendered":"https:\/\/wadirumdune.com\/?post_type=product&#038;p=3532"},"modified":"2024-06-09T21:09:09","modified_gmt":"2024-06-09T19:09:09","slug":"noite-em-la-belle-etoile","status":"publish","type":"product","link":"https:\/\/wadirumdune.com\/pt\/produto\/noite-em-la-belle-etoile\/","title":{"rendered":"Uma noite sob as estrelas"},"content":{"rendered":"<p class=\"serp-title\">Noite sob as estrelas: Experimente uma noite m\u00e1gica sob o c\u00e9u estrelado de Wadi Rum. Rodeado por dunas douradas e majestosas forma\u00e7\u00f5es rochosas, desfrute da tranquilidade do deserto e do calor de uma fogueira bedu\u00edna. Uma experi\u00eancia inesquec\u00edvel sob as estrelas.<\/p>","protected":false},"excerpt":{"rendered":"<p>Noite sob as estrelas: Experimente uma noite m\u00e1gica sob o c\u00e9u estrelado de Wadi Rum. Rodeado por dunas douradas e majestosas forma\u00e7\u00f5es rochosas, desfrute da tranquilidade do deserto e do calor de uma fogueira bedu\u00edna. Uma experi\u00eancia inesquec\u00edvel sob as estrelas.<\/p>","protected":false},"featured_media":3501,"comment_status":"open","ping_status":"closed","template":"","meta":[],"product_brand":[],"product_cat":[38,29],"product_tag":[],"class_list":{"0":"post-3532","1":"product","2":"type-product","3":"status-publish","4":"has-post-thumbnail","6":"product_cat-camp-reservation","7":"product_cat-reservation","9":"first","10":"instock","11":"sale","12":"virtual","13":"purchasable","14":"product-type-simple"},"exclude_global_add_ons":[],"addons":[],"jetpack_sharing_enabled":true,"tiered_pricing_type":"fixed","tiered_pricing_fixed_rules":[],"tiered_pricing_product_settings":{"layout":"default","base_unit_name":{"singular":null,"plural":null},"default_variation":null},"tiered_pricing_minimum_quantity":null,"tiered_pricing_roles_data":[],"tiered_pricing_percentage_rules":[],"_links":{"self":[{"href":"https:\/\/wadirumdune.com\/pt\/wp-json\/wp\/v2\/product\/3532","targetHints":{"allow":["GET"]}}],"collection":[{"href":"https:\/\/wadirumdune.com\/pt\/wp-json\/wp\/v2\/product"}],"about":[{"href":"https:\/\/wadirumdune.com\/pt\/wp-json\/wp\/v2\/types\/product"}],"replies":[{"embeddable":true,"href":"https:\/\/wadirumdune.com\/pt\/wp-json\/wp\/v2\/comments?post=3532"}],"version-history":[{"count":0,"href":"https:\/\/wadirumdune.com\/pt\/wp-json\/wp\/v2\/product\/3532\/revisions"}],"wp:featuredmedia":[{"embeddable":true,"href":"https:\/\/wadirumdune.com\/pt\/wp-json\/wp\/v2\/media\/3501"}],"wp:attachment":[{"href":"https:\/\/wadirumdune.com\/pt\/wp-json\/wp\/v2\/media?parent=3532"}],"wp:term":[{"taxonomy":"product_brand","embeddable":true,"href":"https:\/\/wadirumdune.com\/pt\/wp-json\/wp\/v2\/product_brand?post=3532"},{"taxonomy":"product_cat","embeddable":true,"href":"https:\/\/wadirumdune.com\/pt\/wp-json\/wp\/v2\/product_cat?post=3532"},{"taxonomy":"product_tag","embeddable":true,"href":"https:\/\/wadirumdune.com\/pt\/wp-json\/wp\/v2\/product_tag?post=3532"}],"curies":[{"name":"wp","href":"https:\/\/api.w.org\/{rel}","templated":true}]}}