{"id":3869,"date":"2024-06-07T00:12:18","date_gmt":"2024-06-06T22:12:18","guid":{"rendered":"https:\/\/wadirumdune.com\/declaration-de-confidentialite-ue\/"},"modified":"2024-06-09T17:37:58","modified_gmt":"2024-06-09T15:37:58","slug":"declaracao-de-privacidade-da-ue","status":"publish","type":"page","link":"https:\/\/wadirumdune.com\/pt\/declaracao-de-privacidade-da-ue\/","title":{"rendered":"Declara\u00e7\u00e3o de privacidade (UE)"},"content":{"rendered":"<!-- Legal document generated by Complianz | GDPR\/CCPA Cookie Consent https:\/\/wordpress.org\/plugins\/complianz-gdpr -->\n<div id=\"cmplz-document\" class=\"cmplz-document privacy-statement cmplz-document-eu\"><p><i>This privacy statement was last updated on 6 Junho 2024 and applies to citizens and legal permanent residents of the European Economic Area and Switzerland.<\/i><br \/><br \/><\/p><p><p>Nesta declara\u00e7\u00e3o de privacidade, explicamos o que fazemos com os dados que obtemos sobre o utilizador atrav\u00e9s de <a href=\"https:\/\/wadirumdune.com\/pt\">https:\/\/wadirumdune.com\/pt<\/a>. Recomendamos-lhe que leia atentamente esta declara\u00e7\u00e3o. No nosso processamento, cumprimos os requisitos da legisla\u00e7\u00e3o sobre privacidade. Isto significa, entre outras coisas, que:<\/p><ul>\n                <li>indicamos claramente as finalidades para as quais processamos os dados pessoais. Fazemo-lo atrav\u00e9s da presente declara\u00e7\u00e3o de privacidade;<\/li>\n                <li>o nosso objetivo \u00e9 limitar a nossa recolha de dados pessoais apenas aos dados pessoais necess\u00e1rios para fins leg\u00edtimos;<\/li>\n                <li>solicitamos primeiro o seu consentimento expl\u00edcito para tratar os seus dados pessoais nos casos que exigem o seu consentimento;<\/li>\n                <li>tomamos medidas de seguran\u00e7a adequadas para proteger os seus dados pessoais e exigimos o mesmo \u00e0s partes que tratam os dados pessoais em nosso nome;<\/li>\n                <li>respeitamos o seu direito de aceder aos seus dados pessoais ou de os corrigir ou apagar, a seu pedido.<\/li>\n            <\/ul><p>Se tiver alguma d\u00favida ou quiser saber exatamente que dados guardamos sobre si, contacte-nos.<\/p><\/p><h2>1. Objetivo, dados e per\u00edodo de conserva\u00e7\u00e3o<\/h2>Podemos recolher ou receber informa\u00e7\u00f5es pessoais para uma s\u00e9rie de fins relacionados com as nossas opera\u00e7\u00f5es comerciais, que podem incluir o seguinte: (clique para expandir)<details class=\"cmplz-dropdown dropdown-privacy-statement\"><summary><div><h3>1.1 Contacto - Por telefone, correio, correio eletr\u00f3nico e\/ou formul\u00e1rios Web<\/h3><\/div><\/summary><p class=\"cmplz-subtitle\">Para o efeito, utilizamos os seguintes dados:<\/p><p><ul><li>Um nome e um apelido<\/li><li>Um endere\u00e7o de correio eletr\u00f3nico<\/li><li>Um endere\u00e7o residencial ou outro endere\u00e7o f\u00edsico, incluindo o nome da rua e o nome de uma cidade ou vila<\/li><li>Informa\u00e7\u00f5es sobre a atividade na Internet, incluindo, mas n\u00e3o se limitando a, hist\u00f3rico de navega\u00e7\u00e3o, hist\u00f3rico de pesquisa e informa\u00e7\u00f5es relativas \u00e0 intera\u00e7\u00e3o de um consumidor com um s\u00edtio Web, aplica\u00e7\u00e3o ou an\u00fancio na Internet<\/li><li>Um n\u00famero de telefone<\/li><li>Nome da conta ou pseud\u00f3nimo<\/li><li>Dados de geolocaliza\u00e7\u00e3o<\/li><\/ul><\/p><p class=\"cmplz-subtitle\">A base sobre a qual podemos processar estes dados \u00e9:<\/p><p><a target=\"_blank\" rel=\"noopener noreferrer nofollow\" href=\"https:\/\/cookiedatabase.org\/legal-bases\/#agreement\">\u00c9 necess\u00e1rio para a execu\u00e7\u00e3o de um contrato ou de procedimentos preliminares relacionados com um contrato em que a pessoa em causa \u00e9 parte. <\/a><\/p><p class=\"cmplz-subtitle\">Per\u00edodo de conserva\u00e7\u00e3o<\/p><p>Conservamos estes dados at\u00e9 que o servi\u00e7o seja terminado.<\/p><\/details><details class=\"cmplz-dropdown dropdown-privacy-statement\"><summary><div><h3>1.2 Pagamentos<\/h3><\/div><\/summary><p class=\"cmplz-subtitle\">Para o efeito, utilizamos os seguintes dados:<\/p><p><ul><li>Um nome e um apelido<\/li><li>Nome da conta ou pseud\u00f3nimo<\/li><li>Um endere\u00e7o residencial ou outro endere\u00e7o f\u00edsico, incluindo o nome da rua e o nome de uma cidade ou vila<\/li><li>Um endere\u00e7o de correio eletr\u00f3nico<\/li><li>Um n\u00famero de telefone<\/li><li>Informa\u00e7\u00f5es sobre a atividade na Internet, incluindo, mas n\u00e3o se limitando a, hist\u00f3rico de navega\u00e7\u00e3o, hist\u00f3rico de pesquisa e informa\u00e7\u00f5es relativas \u00e0 intera\u00e7\u00e3o de um consumidor com um s\u00edtio Web, aplica\u00e7\u00e3o ou an\u00fancio na Internet<\/li><li>Dados de geolocaliza\u00e7\u00e3o<\/li><\/ul><\/p><p class=\"cmplz-subtitle\">A base sobre a qual podemos processar estes dados \u00e9:<\/p><p><a target=\"_blank\" rel=\"noopener noreferrer nofollow\" href=\"https:\/\/cookiedatabase.org\/legal-bases\/#agreement\">\u00c9 necess\u00e1rio para a execu\u00e7\u00e3o de um contrato ou de procedimentos preliminares relacionados com um contrato em que a pessoa em causa \u00e9 parte. <\/a><\/p><p class=\"cmplz-subtitle\">Per\u00edodo de conserva\u00e7\u00e3o<\/p><p>Conservamos estes dados at\u00e9 que o servi\u00e7o seja terminado.<\/p><\/details><details class=\"cmplz-dropdown dropdown-privacy-statement\"><summary><div><h3>1.3 Para podermos oferecer produtos e servi\u00e7os personalizados<\/h3><\/div><\/summary><p class=\"cmplz-subtitle\">Para o efeito, utilizamos os seguintes dados:<\/p><p><ul><li>Um nome e um apelido<\/li><li>Nome da conta ou pseud\u00f3nimo<\/li><li>Um endere\u00e7o de correio eletr\u00f3nico<\/li><li>Um endere\u00e7o residencial ou outro endere\u00e7o f\u00edsico, incluindo o nome da rua e o nome de uma cidade ou vila<\/li><li>Um n\u00famero de telefone<\/li><li>Dados de geolocaliza\u00e7\u00e3o<\/li><li>Informa\u00e7\u00f5es sobre a atividade na Internet, incluindo, mas n\u00e3o se limitando a, hist\u00f3rico de navega\u00e7\u00e3o, hist\u00f3rico de pesquisa e informa\u00e7\u00f5es relativas \u00e0 intera\u00e7\u00e3o de um consumidor com um s\u00edtio Web, aplica\u00e7\u00e3o ou an\u00fancio na Internet<\/li><\/ul><\/p><p class=\"cmplz-subtitle\">A base sobre a qual podemos processar estes dados \u00e9:<\/p><p><a target=\"_blank\" rel=\"noopener noreferrer nofollow\" href=\"https:\/\/cookiedatabase.org\/legal-bases\/#agreement\">\u00c9 necess\u00e1rio para a execu\u00e7\u00e3o de um contrato ou de procedimentos preliminares relacionados com um contrato em que a pessoa em causa \u00e9 parte. <\/a><\/p><p class=\"cmplz-subtitle\">Per\u00edodo de conserva\u00e7\u00e3o<\/p><p>Conservamos estes dados at\u00e9 que o servi\u00e7o seja terminado.<\/p><\/details><details class=\"cmplz-dropdown dropdown-privacy-statement\"><summary><div><h3>1.4 Compilar e analisar estat\u00edsticas para melhorar o s\u00edtio Web.<\/h3><\/div><\/summary><p class=\"cmplz-subtitle\">Para o efeito, utilizamos os seguintes dados:<\/p><p><ul><li>Um nome e um apelido<\/li><li>Nome da conta ou pseud\u00f3nimo<\/li><li>Um endere\u00e7o residencial ou outro endere\u00e7o f\u00edsico, incluindo o nome da rua e o nome de uma cidade ou vila<\/li><li>Um endere\u00e7o de correio eletr\u00f3nico<\/li><li>Um n\u00famero de telefone<\/li><li>Informa\u00e7\u00f5es sobre a atividade na Internet, incluindo, mas n\u00e3o se limitando a, hist\u00f3rico de navega\u00e7\u00e3o, hist\u00f3rico de pesquisa e informa\u00e7\u00f5es relativas \u00e0 intera\u00e7\u00e3o de um consumidor com um s\u00edtio Web, aplica\u00e7\u00e3o ou an\u00fancio na Internet<\/li><li>Dados de geolocaliza\u00e7\u00e3o<\/li><\/ul><\/p><p class=\"cmplz-subtitle\">A base sobre a qual podemos processar estes dados \u00e9:<\/p><p><a target=\"_blank\" rel=\"noopener noreferrer nofollow\" href=\"https:\/\/cookiedatabase.org\/legal-bases\/#agreement\">\u00c9 necess\u00e1rio para a execu\u00e7\u00e3o de um contrato ou de procedimentos preliminares relacionados com um contrato em que a pessoa em causa \u00e9 parte. <\/a><\/p><p class=\"cmplz-subtitle\">Per\u00edodo de conserva\u00e7\u00e3o<\/p><p>Conservamos estes dados at\u00e9 que o servi\u00e7o seja terminado.<\/p><\/details><details class=\"cmplz-dropdown dropdown-privacy-statement\"><summary><div><h3>1.5 Para podermos cumprir as obriga\u00e7\u00f5es legais<\/h3><\/div><\/summary><p class=\"cmplz-subtitle\">Para o efeito, utilizamos os seguintes dados:<\/p><p><ul><li>Um nome e um apelido<\/li><li>Nome da conta ou pseud\u00f3nimo<\/li><li>Um endere\u00e7o residencial ou outro endere\u00e7o f\u00edsico, incluindo o nome da rua e o nome de uma cidade ou vila<\/li><li>Um endere\u00e7o de correio eletr\u00f3nico<\/li><li>Um n\u00famero de telefone<\/li><li>Informa\u00e7\u00f5es sobre a atividade na Internet, incluindo, mas n\u00e3o se limitando a, hist\u00f3rico de navega\u00e7\u00e3o, hist\u00f3rico de pesquisa e informa\u00e7\u00f5es relativas \u00e0 intera\u00e7\u00e3o de um consumidor com um s\u00edtio Web, aplica\u00e7\u00e3o ou an\u00fancio na Internet<\/li><li>Dados de geolocaliza\u00e7\u00e3o<\/li><\/ul><\/p><p class=\"cmplz-subtitle\">A base sobre a qual podemos processar estes dados \u00e9:<\/p><p><a target=\"_blank\" rel=\"noopener noreferrer nofollow\" href=\"https:\/\/cookiedatabase.org\/legal-bases\/#agreement\">\u00c9 necess\u00e1rio para a execu\u00e7\u00e3o de um contrato ou de procedimentos preliminares relacionados com um contrato em que a pessoa em causa \u00e9 parte. <\/a><\/p><p class=\"cmplz-subtitle\">Per\u00edodo de conserva\u00e7\u00e3o<\/p><p>Conservamos estes dados at\u00e9 que o servi\u00e7o seja terminado.<\/p><\/details><details class=\"cmplz-dropdown dropdown-privacy-statement\"><summary><div><h3>1.6 Para apoiar servi\u00e7os ou produtos que um cliente pretende comprar ou comprou<\/h3><\/div><\/summary><p class=\"cmplz-subtitle\">Para o efeito, utilizamos os seguintes dados:<\/p><p><ul><li>Um nome e um apelido<\/li><li>Um endere\u00e7o residencial ou outro endere\u00e7o f\u00edsico, incluindo o nome da rua e o nome de uma cidade ou vila<\/li><li>Um endere\u00e7o de correio eletr\u00f3nico<\/li><li>Informa\u00e7\u00f5es sobre a atividade na Internet, incluindo, mas n\u00e3o se limitando a, hist\u00f3rico de navega\u00e7\u00e3o, hist\u00f3rico de pesquisa e informa\u00e7\u00f5es relativas \u00e0 intera\u00e7\u00e3o de um consumidor com um s\u00edtio Web, aplica\u00e7\u00e3o ou an\u00fancio na Internet<\/li><li>Um n\u00famero de telefone<\/li><li>Dados de geolocaliza\u00e7\u00e3o<\/li><\/ul><\/p><p class=\"cmplz-subtitle\">A base sobre a qual podemos processar estes dados \u00e9:<\/p><p><a target=\"_blank\" rel=\"noopener noreferrer nofollow\" href=\"https:\/\/cookiedatabase.org\/legal-bases\/#agreement\">\u00c9 necess\u00e1rio para a execu\u00e7\u00e3o de um contrato ou de procedimentos preliminares relacionados com um contrato em que a pessoa em causa \u00e9 parte. <\/a><\/p><p class=\"cmplz-subtitle\">Per\u00edodo de conserva\u00e7\u00e3o<\/p><p>Conservamos estes dados at\u00e9 que o servi\u00e7o seja terminado.<\/p><\/details><h2>2. Cookies<\/h2><p>O nosso s\u00edtio Web utiliza cookies. Para mais informa\u00e7\u00f5es sobre cookies, consulte o nosso <a href=\"https:\/\/wadirumdune.com\/pt\/politica-de-cookies-eu\/\">Pol\u00edtica de cookies<\/a>.&nbsp;<\/p><h2>3. Pr\u00e1ticas de divulga\u00e7\u00e3o<\/h2><p><p>Divulgamos informa\u00e7\u00f5es pessoais se formos obrigados por lei ou por uma ordem judicial, em resposta a uma ag\u00eancia de aplica\u00e7\u00e3o da lei, na medida do permitido por outras disposi\u00e7\u00f5es da lei, para fornecer informa\u00e7\u00f5es ou para uma investiga\u00e7\u00e3o sobre um assunto relacionado com a seguran\u00e7a p\u00fablica.<\/p><p>Se o nosso s\u00edtio Web ou organiza\u00e7\u00e3o for adquirido, vendido ou envolvido numa fus\u00e3o ou aquisi\u00e7\u00e3o, os seus dados poder\u00e3o ser divulgados aos nossos consultores e a quaisquer potenciais compradores e ser\u00e3o transmitidos aos novos propriet\u00e1rios.<\/p><\/p><h2>4. Seguran\u00e7a<\/h2><p>Comprometemo-nos com a seguran\u00e7a dos dados pessoais. Tomamos medidas de seguran\u00e7a adequadas para limitar o abuso e o acesso n\u00e3o autorizado aos dados pessoais. Isto garante que apenas as pessoas necess\u00e1rias t\u00eam acesso aos seus dados, que o acesso aos dados est\u00e1 protegido e que as nossas medidas de seguran\u00e7a s\u00e3o revistas regularmente.<\/p><h2>5. S\u00edtios Web de terceiros<\/h2><p>A presente declara\u00e7\u00e3o de privacidade n\u00e3o se aplica a s\u00edtios Web de terceiros ligados por hiperliga\u00e7\u00f5es no nosso s\u00edtio Web. N\u00e3o podemos garantir que estes terceiros tratem os seus dados pessoais de uma forma fi\u00e1vel ou segura. Recomendamos que leia as declara\u00e7\u00f5es de privacidade desses s\u00edtios Web antes de os utilizar.<\/p><h2>6. Altera\u00e7\u00f5es \u00e0 presente declara\u00e7\u00e3o de privacidade<\/h2><p>Reservamo-nos o direito de efetuar altera\u00e7\u00f5es a esta declara\u00e7\u00e3o de privacidade. Recomenda-se que o utilizador consulte regularmente esta declara\u00e7\u00e3o de privacidade para ter conhecimento de quaisquer altera\u00e7\u00f5es. Al\u00e9m disso, inform\u00e1-lo-emos ativamente sempre que poss\u00edvel.<\/p><h2>7. Aceder e modificar os seus dados<\/h2><p>Se tiver alguma d\u00favida ou quiser saber quais os dados pessoais que temos sobre si, contacte-nos. Pode contactar-nos utilizando as informa\u00e7\u00f5es abaixo. O utilizador tem os seguintes direitos:<\/p><ul>\n                <li>O utilizador tem o direito de saber por que raz\u00e3o os seus dados pessoais s\u00e3o necess\u00e1rios, o que lhes vai acontecer e durante quanto tempo ser\u00e3o conservados.<\/li>\n                <li>Direito de acesso: O utilizador tem o direito de aceder aos seus dados pessoais que s\u00e3o do nosso conhecimento.<\/li>\n                <li>Direito de retifica\u00e7\u00e3o: o utilizador tem o direito de completar, corrigir, mandar apagar ou bloquear os seus dados pessoais sempre que o desejar.<\/li>\n                <li>Se nos der o seu consentimento para o tratamento dos seus dados, tem o direito de revogar esse consentimento e de solicitar a elimina\u00e7\u00e3o dos seus dados pessoais.<\/li>\n                <li>Direito de transferir os seus dados: tem o direito de solicitar todos os seus dados pessoais ao respons\u00e1vel pelo tratamento e de os transferir na \u00edntegra para outro respons\u00e1vel pelo tratamento.<\/li>\n                <li>Direito de oposi\u00e7\u00e3o: o utilizador pode opor-se ao tratamento dos seus dados. Cumprimos este direito, exceto se existirem motivos justificados para o tratamento.<\/li>\n            <\/ul><p>Certifique-se de que indica sempre claramente quem \u00e9, para que possamos ter a certeza de que n\u00e3o alteramos nem apagamos os dados da pessoa errada.<\/p><h2>8. Apresenta\u00e7\u00e3o de uma queixa<\/h2><p>Se n\u00e3o estiver satisfeito com a forma como tratamos (uma queixa sobre) o processamento dos seus dados pessoais, tem o direito de apresentar uma queixa \u00e0 Autoridade de Prote\u00e7\u00e3o de Dados.<\/p><h2>9. Dados de contacto<\/h2><p>Duna de Wadi Rum<br \/>\n        58 BD de la lib\u00e9ration Vincennes<br \/>\n        Fran\u00e7a<br \/>\n        S\u00edtio Web: <a href=\"https:\/\/wadirumdune.com\/pt\">https:\/\/wadirumdune.com\/pt<\/a> <br \/>\n        Email: &#105;&#110;fo&#064;&#119;adi&#114;&#117;&#109;&#100;u&#110;&#101;&#046;&#099;om <br \/>\n        N\u00famero de telefone: +33766617997<\/p><\/div>","protected":false},"excerpt":{"rendered":"","protected":false},"author":1,"featured_media":0,"parent":0,"menu_order":0,"comment_status":"closed","ping_status":"closed","template":"","meta":{"footnotes":""},"class_list":["post-3869","page","type-page","status-publish","hentry"],"jetpack_sharing_enabled":true,"_links":{"self":[{"href":"https:\/\/wadirumdune.com\/pt\/wp-json\/wp\/v2\/pages\/3869","targetHints":{"allow":["GET"]}}],"collection":[{"href":"https:\/\/wadirumdune.com\/pt\/wp-json\/wp\/v2\/pages"}],"about":[{"href":"https:\/\/wadirumdune.com\/pt\/wp-json\/wp\/v2\/types\/page"}],"author":[{"embeddable":true,"href":"https:\/\/wadirumdune.com\/pt\/wp-json\/wp\/v2\/users\/1"}],"replies":[{"embeddable":true,"href":"https:\/\/wadirumdune.com\/pt\/wp-json\/wp\/v2\/comments?post=3869"}],"version-history":[{"count":0,"href":"https:\/\/wadirumdune.com\/pt\/wp-json\/wp\/v2\/pages\/3869\/revisions"}],"wp:attachment":[{"href":"https:\/\/wadirumdune.com\/pt\/wp-json\/wp\/v2\/media?parent=3869"}],"curies":[{"name":"wp","href":"https:\/\/api.w.org\/{rel}","templated":true}]}}