{"id":47,"date":"2024-05-04T16:42:12","date_gmt":"2024-05-04T14:42:12","guid":{"rendered":"https:\/\/wadirumdune.com\/?page_id=47"},"modified":"2024-10-09T20:26:06","modified_gmt":"2024-10-09T18:26:06","slug":"\u79c1\u305f\u3061\u3068\u306f","status":"publish","type":"page","link":"https:\/\/wadirumdune.com\/ja\/\u79c1\u305f\u3061\u3068\u306f\/","title":{"rendered":"\u6211\u3005\u306f\u4f55\u8005\u306a\u306e\u304b\uff1f"},"content":{"rendered":"<div data-elementor-type=\"wp-page\" data-elementor-id=\"47\" class=\"elementor elementor-47\" data-elementor-post-type=\"page\">\n\t\t\t\t<div data-particle_enable=\"false\" data-particle-mobile-disabled=\"false\" class=\"elementor-element elementor-element-3e26c84 e-con-full e-flex e-con e-parent\" data-id=\"3e26c84\" data-element_type=\"container\" data-e-type=\"container\" data-settings=\"{&quot;background_background&quot;:&quot;classic&quot;,&quot;animation&quot;:&quot;none&quot;}\">\n\t\t<div data-particle_enable=\"false\" data-particle-mobile-disabled=\"false\" class=\"elementor-element elementor-element-6d286d5 e-con-full e-flex e-con e-child\" data-id=\"6d286d5\" data-element_type=\"container\" data-e-type=\"container\">\n\t\t\t\t<div class=\"elementor-element elementor-element-500bbae eael-dual-header-content-align-center elementor-invisible elementor-widget elementor-widget-eael-dual-color-header\" data-id=\"500bbae\" data-element_type=\"widget\" data-e-type=\"widget\" data-settings=\"{&quot;_animation&quot;:&quot;fadeInRight&quot;}\" data-widget_type=\"eael-dual-color-header.default\">\n\t\t\t\t<div class=\"elementor-widget-container\">\n\t\t\t\t\t\t\t\t<div class=\"eael-dual-header\">\n\t\t\t\t<h1 class=\"title eael-dch-title\"><span class=\"eael-dch-title-text eael-dch-title-lead lead solid-color\">WADI RUM<\/span> <span class=\"eael-dch-title-text\">DUNE<\/span><\/h1>\t\t\t<\/div>\n\n\t\t\t\t\t\t<\/div>\n\t\t\t\t<\/div>\n\t\t\t\t<div class=\"elementor-element elementor-element-9a2e4d2 elementor-invisible elementor-widget elementor-widget-heading\" data-id=\"9a2e4d2\" data-element_type=\"widget\" data-e-type=\"widget\" data-settings=\"{&quot;_animation&quot;:&quot;fadeInRight&quot;}\" data-widget_type=\"heading.default\">\n\t\t\t\t<div class=\"elementor-widget-container\">\n\t\t\t\t\t<h2 class=\"elementor-heading-title elementor-size-default\">\u30c4\u30a2\u30fc\uff06\u30ad\u30e3\u30f3\u30d7<\/h2>\t\t\t\t<\/div>\n\t\t\t\t<\/div>\n\t\t\t\t<div class=\"elementor-element elementor-element-d8d4111 elementor-invisible elementor-widget elementor-widget-heading\" data-id=\"d8d4111\" data-element_type=\"widget\" data-e-type=\"widget\" data-settings=\"{&quot;_animation&quot;:&quot;fadeInRight&quot;}\" data-widget_type=\"heading.default\">\n\t\t\t\t<div class=\"elementor-widget-container\">\n\t\t\t\t\t<h2 class=\"elementor-heading-title elementor-size-default\">\u6211\u3005\u306f\u4f55\u8005\u306a\u306e\u304b\uff1f<\/h2>\t\t\t\t<\/div>\n\t\t\t\t<\/div>\n\t\t\t\t<div class=\"elementor-element elementor-element-6a78c8e elementor-align-center elementor-invisible elementor-widget elementor-widget-button\" data-id=\"6a78c8e\" data-element_type=\"widget\" data-e-type=\"widget\" data-settings=\"{&quot;_animation&quot;:&quot;fadeInRight&quot;}\" data-widget_type=\"button.default\">\n\t\t\t\t<div class=\"elementor-widget-container\">\n\t\t\t\t\t\t\t\t\t<div class=\"elementor-button-wrapper\">\n\t\t\t\t\t<a class=\"elementor-button elementor-button-link elementor-size-sm\" href=\"https:\/\/wadirumdune.com\/ja\/\u4e88\u7d04\/\">\n\t\t\t\t\t\t<span class=\"elementor-button-content-wrapper\">\n\t\t\t\t\t\t\t\t\t<span class=\"elementor-button-text\">\u4f53\u9a13\u3092\u4e88\u7d04\u3059\u308b<\/span>\n\t\t\t\t\t<\/span>\n\t\t\t\t\t<\/a>\n\t\t\t\t<\/div>\n\t\t\t\t\t\t\t\t<\/div>\n\t\t\t\t<\/div>\n\t\t\t\t<\/div>\n\t\t\t\t<\/div>\n\t\t<div data-particle_enable=\"false\" data-particle-mobile-disabled=\"false\" class=\"elementor-element elementor-element-5e10c03 e-flex e-con-boxed e-con e-parent\" data-id=\"5e10c03\" data-element_type=\"container\" data-e-type=\"container\">\n\t\t\t\t\t<div class=\"e-con-inner\">\n\t\t<div data-particle_enable=\"false\" data-particle-mobile-disabled=\"false\" class=\"elementor-element elementor-element-b60a47d e-flex e-con-boxed e-con e-child\" data-id=\"b60a47d\" data-element_type=\"container\" data-e-type=\"container\">\n\t\t\t\t\t<div class=\"e-con-inner\">\n\t\t<div data-particle_enable=\"false\" data-particle-mobile-disabled=\"false\" class=\"elementor-element elementor-element-ebd6da9 e-flex e-con-boxed elementor-invisible e-con e-child\" data-id=\"ebd6da9\" data-element_type=\"container\" data-e-type=\"container\" data-settings=\"{&quot;animation&quot;:&quot;fadeInUp&quot;}\">\n\t\t\t\t\t<div class=\"e-con-inner\">\n\t\t\t\t<div class=\"elementor-element elementor-element-bea5490 elementor-widget elementor-widget-image\" data-id=\"bea5490\" data-element_type=\"widget\" data-e-type=\"widget\" data-widget_type=\"image.default\">\n\t\t\t\t<div class=\"elementor-widget-container\">\n\t\t\t\t\t\t\t\t\t\t\t\t\t\t\t<img fetchpriority=\"high\" decoding=\"async\" width=\"1600\" height=\"1200\" src=\"https:\/\/wadirumdune.com\/wp-content\/uploads\/2024\/06\/4651.jpeg\" class=\"attachment-full size-full wp-image-3322\" alt=\"\u30ef\u30c7\u30a3\u30fb\u30e9\u30e0\u7802\u4e18\" srcset=\"https:\/\/wadirumdune.com\/wp-content\/uploads\/2024\/06\/4651.jpeg 1600w, https:\/\/wadirumdune.com\/wp-content\/uploads\/2024\/06\/4651-300x225.jpeg 300w, https:\/\/wadirumdune.com\/wp-content\/uploads\/2024\/06\/4651-1024x768.jpeg 1024w, https:\/\/wadirumdune.com\/wp-content\/uploads\/2024\/06\/4651-768x576.jpeg 768w, https:\/\/wadirumdune.com\/wp-content\/uploads\/2024\/06\/4651-1536x1152.jpeg 1536w, https:\/\/wadirumdune.com\/wp-content\/uploads\/2024\/06\/4651-600x450.jpeg 600w\" sizes=\"(max-width: 1600px) 100vw, 1600px\" \/>\t\t\t\t\t\t\t\t\t\t\t\t\t\t\t<\/div>\n\t\t\t\t<\/div>\n\t\t\t\t\t<\/div>\n\t\t\t\t<\/div>\n\t\t<div data-particle_enable=\"false\" data-particle-mobile-disabled=\"false\" class=\"elementor-element elementor-element-52d5fa6 e-flex e-con-boxed elementor-invisible e-con e-child\" data-id=\"52d5fa6\" data-element_type=\"container\" data-e-type=\"container\" data-settings=\"{&quot;animation&quot;:&quot;fadeInUp&quot;}\">\n\t\t\t\t\t<div class=\"e-con-inner\">\n\t\t\t\t<div class=\"elementor-element elementor-element-7d7d98f elementor-widget elementor-widget-text-editor\" data-id=\"7d7d98f\" data-element_type=\"widget\" data-e-type=\"widget\" data-widget_type=\"text-editor.default\">\n\t\t\t\t<div class=\"elementor-widget-container\">\n\t\t\t\t\t\t\t\t\t<p>\u3053\u3093\u306b\u3061\u306f\u3001\u305d\u3057\u3066\u3088\u3046\u3053\u305d\uff01\u79c1\u306e\u540d\u524d\u306f\u30c0\u30a4\u30d5\u30a1\u30e9\u3001\u58ee\u5927\u306a\u30ef\u30c7\u30a3\u30e9\u30e0\u7802\u6f20\u3067\u751f\u307e\u308c\u80b2\u3063\u305f\u60c5\u71b1\u7684\u306a\u30d9\u30c9\u30a6\u30a3\u30f3\u30c4\u30a2\u30fc\u30ac\u30a4\u30c9\u3067\u3059\u3002\u79c1\u306e\u76ee\u7684\u306f\u3001\u5fd8\u308c\u3089\u308c\u306a\u3044\u672c\u7269\u306e\u5192\u967a\u3092\u63d0\u4f9b\u3057\u3001\u3053\u306e\u58ee\u5927\u306a\u98a8\u666f\u306e\u7f8e\u3057\u3055\u3068\u8c4a\u304b\u3055\u3092\u5171\u6709\u3059\u308b\u3053\u3068\u3067\u3059\u3002<\/p><p><strong>\u79c1\u306e\u65c5<\/strong><\/p><p>\u30d9\u30c9\u30a6\u30a3\u30f3\u306e\u30b3\u30df\u30e5\u30cb\u30c6\u30a3\u51fa\u8eab\u3067\u3042\u308b\u79c1\u306f\u3001\u30ef\u30c7\u30a3\u30fb\u30e9\u30e0\u306e\u58ee\u5927\u306a\u7802\u4e18\u3068\u5ca9\u5c64\u306b\u56f2\u307e\u308c\u3066\u80b2\u3063\u305f\u3002\u3053\u306e\u5730\u57df\u306b\u79d8\u5bc6\u306f\u306a\u304f\u3001\u7802\u6f20\u306b\u95a2\u3059\u308b\u6df1\u3044\u77e5\u8b58\u3092\u6301\u3063\u3066\u3044\u308b\u306e\u3067\u3001\u6700\u3082\u6709\u540d\u306a\u5834\u6240\u304b\u3089\u5730\u5143\u306e\u4eba\u3057\u304b\u77e5\u3089\u306a\u3044\u3088\u3046\u306a\u96a0\u308c\u305f\u5b9d\u307e\u3067\u3001\u305d\u306e\u9a5a\u7570\u3092\u3054\u6848\u5185\u3059\u308b\u3053\u3068\u304c\u3067\u304d\u307e\u3059\u3002<\/p><p><a href=\"https:\/\/wadirumdune.com\/ja\/\u4e88\u7d04\/\">\u4eca\u3059\u3050\u3054\u4e88\u7d04\u3092<\/a><\/p>\t\t\t\t\t\t\t\t<\/div>\n\t\t\t\t<\/div>\n\t\t\t\t\t<\/div>\n\t\t\t\t<\/div>\n\t\t\t\t\t<\/div>\n\t\t\t\t<\/div>\n\t\t<div data-particle_enable=\"false\" data-particle-mobile-disabled=\"false\" class=\"elementor-element elementor-element-6a5de1a e-flex e-con-boxed e-con e-child\" data-id=\"6a5de1a\" data-element_type=\"container\" data-e-type=\"container\">\n\t\t\t\t\t<div class=\"e-con-inner\">\n\t\t<div data-particle_enable=\"false\" data-particle-mobile-disabled=\"false\" class=\"elementor-element elementor-element-e62a292 e-flex e-con-boxed e-con e-child\" data-id=\"e62a292\" data-element_type=\"container\" data-e-type=\"container\">\n\t\t\t\t\t<div class=\"e-con-inner\">\n\t\t\t\t<div class=\"elementor-element elementor-element-3961a9f elementor-widget-divider--view-line elementor-invisible elementor-widget elementor-widget-divider\" data-id=\"3961a9f\" data-element_type=\"widget\" data-e-type=\"widget\" data-settings=\"{&quot;_animation&quot;:&quot;fadeInUp&quot;,&quot;_animation_delay&quot;:300}\" data-widget_type=\"divider.default\">\n\t\t\t\t<div class=\"elementor-widget-container\">\n\t\t\t\t\t\t\t<div class=\"elementor-divider\">\n\t\t\t<span class=\"elementor-divider-separator\">\n\t\t\t\t\t\t<\/span>\n\t\t<\/div>\n\t\t\t\t\t\t<\/div>\n\t\t\t\t<\/div>\n\t\t\t\t<div class=\"elementor-element elementor-element-82f9b33 elementor-invisible elementor-widget elementor-widget-heading\" data-id=\"82f9b33\" data-element_type=\"widget\" data-e-type=\"widget\" data-settings=\"{&quot;_animation&quot;:&quot;fadeInUp&quot;}\" data-widget_type=\"heading.default\">\n\t\t\t\t<div class=\"elementor-widget-container\">\n\t\t\t\t\t<h2 class=\"elementor-heading-title elementor-size-default\">\u79c1\u305f\u3061\u3092\u9078\u3076\u7406\u7531<\/h2>\t\t\t\t<\/div>\n\t\t\t\t<\/div>\n\t\t\t\t<div class=\"elementor-element elementor-element-e146f6a elementor-invisible elementor-widget elementor-widget-eael-image-accordion\" data-id=\"e146f6a\" data-element_type=\"widget\" data-e-type=\"widget\" data-settings=\"{&quot;_animation&quot;:&quot;fadeInUp&quot;}\" data-widget_type=\"eael-image-accordion.default\">\n\t\t\t\t<div class=\"elementor-widget-container\">\n\t\t\t\t\t    <div class=\"eael-img-accordion accordion-direction-horizontal eael-img-accordion-horizontal-align-center eael-img-accordion-vertical-align-center\" id=\"eael-img-accordion-e146f6a\" data-img-accordion-id=\"e146f6a\" data-img-accordion-type=\"on-hover\">\n                    \n            <div class=\"eael-image-accordion-hover eael-image-accordion-item\" style=\"background-image: url(https:\/\/wadirumdune.com\/wp-content\/uploads\/2024\/06\/1546819942.jpg);\"  tabindex=\"0\">\n                <div class=\"overlay\">\n                                        <div class=\"overlay-inner\">\n                        <h2 class=\"img-accordion-title\">\u73fe\u5730\u306e\u5c02\u9580\u77e5\u8b58<\/h2>                            <p><p>\u3053\u306e\u5730\u57df\u3067\u306e\u30ac\u30a4\u30c9\u3068\u3057\u3066\u306e\u9577\u5e74\u306e\u7d4c\u9a13\u3092\u751f\u304b\u3057\u3001\u6bd4\u985e\u306a\u304d\u5c02\u9580\u77e5\u8b58\u3068\u30ef\u30c7\u30a3\u30e9\u30e0\u7802\u6f20\u3078\u306e\u771f\u306e\u60c5\u71b1\u3092\u63d0\u4f9b\u3057\u307e\u3059\u3002<\/p><\/p>\n                                            <\/div>\n                <\/div>\n            <\/div>\n                    \n            <div class=\"eael-image-accordion-hover eael-image-accordion-item\" style=\"background-image: url(https:\/\/wadirumdune.com\/wp-content\/uploads\/2024\/06\/vecteezy_um-fruth-rock-arch-in-wadi-rum-jordan_1986597.jpg);\"  tabindex=\"0\">\n                <div class=\"overlay\">\n                                        <div class=\"overlay-inner\">\n                        <h2 class=\"img-accordion-title\">\u6587\u5316\u3068\u306e\u51fa\u4f1a\u3044<\/h2>                            <p><p>\u30d9\u30c9\u30a6\u30a3\u30f3\u306e\u7fd2\u6163\u3001\u97f3\u697d\u3001\u8e0a\u308a\u3092\u767a\u898b\u3057\u3066\u3001\u30d9\u30c9\u30a6\u30a3\u30f3\u306e\u6587\u5316\u306b\u3069\u3063\u3077\u308a\u6d78\u304b\u3063\u3066\u304f\u3060\u3055\u3044\u3002\u5bb6\u65cf\u3084\u30b3\u30df\u30e5\u30cb\u30c6\u30a3\u3068\u672c\u7269\u306e\u6642\u9593\u3092\u5171\u6709\u3059\u308b\u3002<\/p><\/p>\n                                            <\/div>\n                <\/div>\n            <\/div>\n                    \n            <div class=\"eael-image-accordion-hover eael-image-accordion-item\" style=\"background-image: url(https:\/\/wadirumdune.com\/wp-content\/uploads\/2024\/06\/1226342102.jpg);\"  tabindex=\"0\">\n                <div class=\"overlay\">\n                                        <div class=\"overlay-inner\">\n                        <h2 class=\"img-accordion-title\">\u656c\u610f\u3068\u6301\u7d9a\u53ef\u80fd\u6027<\/h2>                            <p><p>\u3053\u306e\u58ee\u5927\u306a\u74b0\u5883\u306e\u4fdd\u8b77\u8005\u3068\u3057\u3066\u3001\u79c1\u306f\u81ea\u7136\u3068\u5730\u5143\u306e\u4f1d\u7d71\u3092\u5c0a\u91cd\u3059\u308b\u8cac\u4efb\u3042\u308b\u6301\u7d9a\u53ef\u80fd\u306a\u89b3\u5149\u306b\u53d6\u308a\u7d44\u3093\u3067\u3044\u308b\u3002<\/p><\/p>\n                                            <\/div>\n                <\/div>\n            <\/div>\n                    \n            <div class=\"eael-image-accordion-hover eael-image-accordion-item\" style=\"background-image: url(https:\/\/wadirumdune.com\/wp-content\/uploads\/2024\/06\/IMG-20210809-WA0015.jpeg);\"  tabindex=\"0\">\n                <div class=\"overlay\">\n                                        <div class=\"overlay-inner\">\n                        <h2 class=\"img-accordion-title\">\u30d1\u30fc\u30bd\u30ca\u30e9\u30a4\u30ba\u3055\u308c\u305f\u4f53\u9a13<\/h2>                            <p><p>\u5927\u80c6\u306a\u5192\u967a\u5bb6\u3067\u3042\u308c\u3001\u9759\u5bc2\u3092\u6c42\u3081\u308b\u4eba\u3067\u3042\u308c\u3001\u79c1\u306f\u3042\u306a\u305f\u306e\u5e0c\u671b\u306b\u5408\u308f\u305b\u3066\u30aa\u30fc\u30c0\u30fc\u30e1\u30a4\u30c9\u306e\u65c5\u7a0b\u3092\u4f5c\u6210\u3057\u307e\u3059\u3002<\/p><\/p>\n                                            <\/div>\n                <\/div>\n            <\/div>\n                <\/div>\n        <style typr=\"text\/css\">\n                    #eael-img-accordion-e146f6a .eael-image-accordion-hover:hover {\n                        flex: 3 1 0% !important;\n                    }\n                    #eael-img-accordion-e146f6a .eael-image-accordion-hover:hover:hover .overlay-inner * {\n                        opacity: 1;\n                        visibility: visible;\n                        transform: none;\n                        transition: all .3s .3s;\n                    }\n                <\/style>\t\t\t\t<\/div>\n\t\t\t\t<\/div>\n\t\t\t\t\t<\/div>\n\t\t\t\t<\/div>\n\t\t\t\t\t<\/div>\n\t\t\t\t<\/div>\n\t\t\t\t\t<\/div>\n\t\t\t\t<\/div>\n\t\t\t\t<\/div>","protected":false},"excerpt":{"rendered":"<p>WADI RUM DUNE Tours &amp; Camp Qui sommes-nous ? R\u00e9server votre exp\u00e9rience Bonjour et bienvenue ! Je m&rsquo;appelle Daifallah, et je suis un guide touristique b\u00e9douin passionn\u00e9, n\u00e9 et \u00e9lev\u00e9 dans le magnifique d\u00e9sert de Wadi Rum. Mon but est de vous faire vivre une aventure inoubliable et authentique, en partageant avec vous la beaut\u00e9 et la richesse de ce paysage spectaculaire. Mon Parcours Issu de la communaut\u00e9 b\u00e9douine, j&rsquo;ai grandi entour\u00e9 par les dunes de sable et les formations rocheuses majestueuses de Wadi Rum. Cette r\u00e9gion n&rsquo;a aucun secret pour moi, et ma connaissance approfondie du d\u00e9sert me permet de vous guider \u00e0 travers ses merveilles, des sites les [&hellip;]<\/p>","protected":false},"author":1,"featured_media":0,"parent":0,"menu_order":0,"comment_status":"closed","ping_status":"closed","template":"","meta":{"footnotes":""},"class_list":["post-47","page","type-page","status-publish","hentry"],"jetpack_sharing_enabled":true,"_links":{"self":[{"href":"https:\/\/wadirumdune.com\/ja\/wp-json\/wp\/v2\/pages\/47","targetHints":{"allow":["GET"]}}],"collection":[{"href":"https:\/\/wadirumdune.com\/ja\/wp-json\/wp\/v2\/pages"}],"about":[{"href":"https:\/\/wadirumdune.com\/ja\/wp-json\/wp\/v2\/types\/page"}],"author":[{"embeddable":true,"href":"https:\/\/wadirumdune.com\/ja\/wp-json\/wp\/v2\/users\/1"}],"replies":[{"embeddable":true,"href":"https:\/\/wadirumdune.com\/ja\/wp-json\/wp\/v2\/comments?post=47"}],"version-history":[{"count":6,"href":"https:\/\/wadirumdune.com\/ja\/wp-json\/wp\/v2\/pages\/47\/revisions"}],"predecessor-version":[{"id":5447,"href":"https:\/\/wadirumdune.com\/ja\/wp-json\/wp\/v2\/pages\/47\/revisions\/5447"}],"wp:attachment":[{"href":"https:\/\/wadirumdune.com\/ja\/wp-json\/wp\/v2\/media?parent=47"}],"curies":[{"name":"wp","href":"https:\/\/api.w.org\/{rel}","templated":true}]}}