{"id":18,"date":"2024-05-03T23:59:36","date_gmt":"2024-05-03T21:59:36","guid":{"rendered":"https:\/\/wadirumdune.com\/?page_id=18"},"modified":"2024-10-09T19:49:59","modified_gmt":"2024-10-09T17:49:59","slug":"\u30b3\u30f3\u30bf\u30af\u30c8","status":"publish","type":"page","link":"https:\/\/wadirumdune.com\/ja\/\u30b3\u30f3\u30bf\u30af\u30c8\/","title":{"rendered":"\u9023\u7d61\u5148"},"content":{"rendered":"<div data-elementor-type=\"wp-page\" data-elementor-id=\"18\" class=\"elementor elementor-18\" data-elementor-post-type=\"page\">\n\t\t\t\t<div data-particle_enable=\"false\" data-particle-mobile-disabled=\"false\" class=\"elementor-element elementor-element-48e0c6b e-flex e-con-boxed e-con e-parent\" data-id=\"48e0c6b\" data-element_type=\"container\" data-e-type=\"container\">\n\t\t\t\t\t<div class=\"e-con-inner\">\n\t\t<div data-particle_enable=\"false\" data-particle-mobile-disabled=\"false\" class=\"elementor-element elementor-element-f8baab0 e-flex e-con-boxed e-con e-child\" data-id=\"f8baab0\" data-element_type=\"container\" data-e-type=\"container\">\n\t\t\t\t\t<div class=\"e-con-inner\">\n\t\t\t\t<div class=\"elementor-element elementor-element-dce7f1b elementor-widget elementor-widget-heading\" data-id=\"dce7f1b\" data-element_type=\"widget\" data-e-type=\"widget\" data-widget_type=\"heading.default\">\n\t\t\t\t<div class=\"elementor-widget-container\">\n\t\t\t\t\t<h2 class=\"elementor-heading-title elementor-size-default\">\u304a\u554f\u3044\u5408\u308f\u305b\u306f\u3053\u3061\u3089\u307e\u3067\uff1a<\/h2>\t\t\t\t<\/div>\n\t\t\t\t<\/div>\n\t\t<div data-particle_enable=\"false\" data-particle-mobile-disabled=\"false\" class=\"elementor-element elementor-element-03b4bd3 e-flex e-con-boxed e-con e-child\" data-id=\"03b4bd3\" data-element_type=\"container\" data-e-type=\"container\">\n\t\t\t\t\t<div class=\"e-con-inner\">\n\t\t\t\t<div class=\"elementor-element elementor-element-da29241 elementor-widget elementor-widget-text-editor\" data-id=\"da29241\" data-element_type=\"widget\" data-e-type=\"widget\" data-widget_type=\"text-editor.default\">\n\t\t\t\t<div class=\"elementor-widget-container\">\n\t\t\t\t\t\t\t\t\t<p>E\u30e1\u30fc\u30eb\u3001\u30bd\u30fc\u30b7\u30e3\u30eb\u30cd\u30c3\u30c8\u30ef\u30fc\u30af\u3001\u307e\u305f\u306fWhatsapp\u3067\u304a\u554f\u3044\u5408\u308f\u305b\u304f\u3060\u3055\u3044\u3002<\/p>\t\t\t\t\t\t\t\t<\/div>\n\t\t\t\t<\/div>\n\t\t\t\t<div class=\"elementor-element elementor-element-9e55bec elementor-view-stacked elementor-position-inline-start elementor-shape-circle elementor-mobile-position-block-start elementor-widget elementor-widget-icon-box\" data-id=\"9e55bec\" data-element_type=\"widget\" data-e-type=\"widget\" data-widget_type=\"icon-box.default\">\n\t\t\t\t<div class=\"elementor-widget-container\">\n\t\t\t\t\t\t\t<div class=\"elementor-icon-box-wrapper\">\n\n\t\t\t\t\t\t<div class=\"elementor-icon-box-icon\">\n\t\t\t\t<span  class=\"elementor-icon\">\n\t\t\t\t<svg aria-hidden=\"true\" class=\"e-font-icon-svg e-fas-mail-bulk\" viewbox=\"0 0 576 512\" xmlns=\"http:\/\/www.w3.org\/2000\/svg\"><path d=\"M160 448c-25.6 0-51.2-22.4-64-32-64-44.8-83.2-60.8-96-70.4V480c0 17.67 14.33 32 32 32h256c17.67 0 32-14.33 32-32V345.6c-12.8 9.6-32 25.6-96 70.4-12.8 9.6-38.4 32-64 32zm128-192H32c-17.67 0-32 14.33-32 32v16c25.6 19.2 22.4 19.2 115.2 86.4 9.6 6.4 28.8 25.6 44.8 25.6s35.2-19.2 44.8-22.4c92.8-67.2 89.6-67.2 115.2-86.4V288c0-17.67-14.33-32-32-32zm256-96H224c-17.67 0-32 14.33-32 32v32h96c33.21 0 60.59 25.42 63.71 57.82l.29-.22V416h192c17.67 0 32-14.33 32-32V192c0-17.67-14.33-32-32-32zm-32 128h-64v-64h64v64zm-352-96c0-35.29 28.71-64 64-64h224V32c0-17.67-14.33-32-32-32H96C78.33 0 64 14.33 64 32v192h96v-32z\"><\/path><\/svg>\t\t\t\t<\/span>\n\t\t\t<\/div>\n\t\t\t\n\t\t\t\t\t\t<div class=\"elementor-icon-box-content\">\n\n\t\t\t\t\t\t\t\t\t<h3 class=\"elementor-icon-box-title\">\n\t\t\t\t\t\t<span  >\n\t\t\t\t\t\t\t\u96fb\u5b50\u30e1\u30fc\u30eb\t\t\t\t\t\t<\/span>\n\t\t\t\t\t<\/h3>\n\t\t\t\t\n\t\t\t\t\t\t\t\t\t<p class=\"elementor-icon-box-description\">\n\t\t\t\t\t\tinfo@wadirumdune.com\t\t\t\t\t<\/p>\n\t\t\t\t\n\t\t\t<\/div>\n\t\t\t\n\t\t<\/div>\n\t\t\t\t\t\t<\/div>\n\t\t\t\t<\/div>\n\t\t\t\t<div class=\"elementor-element elementor-element-b0d046a elementor-view-stacked elementor-position-inline-start elementor-shape-circle elementor-mobile-position-block-start elementor-widget elementor-widget-icon-box\" data-id=\"b0d046a\" data-element_type=\"widget\" data-e-type=\"widget\" data-widget_type=\"icon-box.default\">\n\t\t\t\t<div class=\"elementor-widget-container\">\n\t\t\t\t\t\t\t<div class=\"elementor-icon-box-wrapper\">\n\n\t\t\t\t\t\t<div class=\"elementor-icon-box-icon\">\n\t\t\t\t<span  class=\"elementor-icon\">\n\t\t\t\t<svg aria-hidden=\"true\" class=\"e-font-icon-svg e-fas-phone-alt\" viewbox=\"0 0 512 512\" xmlns=\"http:\/\/www.w3.org\/2000\/svg\"><path d=\"M497.39 361.8l-112-48a24 24 0 0 0-28 6.9l-49.6 60.6A370.66 370.66 0 0 1 130.6 204.11l60.6-49.6a23.94 23.94 0 0 0 6.9-28l-48-112A24.16 24.16 0 0 0 122.6.61l-104 24A24 24 0 0 0 0 48c0 256.5 207.9 464 464 464a24 24 0 0 0 23.4-18.6l24-104a24.29 24.29 0 0 0-14.01-27.6z\"><\/path><\/svg>\t\t\t\t<\/span>\n\t\t\t<\/div>\n\t\t\t\n\t\t\t\t\t\t<div class=\"elementor-icon-box-content\">\n\n\t\t\t\t\t\t\t\t\t<h3 class=\"elementor-icon-box-title\">\n\t\t\t\t\t\t<span  >\n\t\t\t\t\t\t\t\u96fb\u8a71\t\t\t\t\t\t<\/span>\n\t\t\t\t\t<\/h3>\n\t\t\t\t\n\t\t\t\t\t\t\t\t\t<p class=\"elementor-icon-box-description\">\n\t\t\t\t\t\t+33 7 66617997 (Whatsapp\u30d5\u30e9\u30f3\u30b9\u8a9e\/\u82f1\u8a9e\/\u30a2\u30e9\u30d3\u30a2\u8a9e)\t\t\t\t\t<\/p>\n\t\t\t\t\n\t\t\t<\/div>\n\t\t\t\n\t\t<\/div>\n\t\t\t\t\t\t<\/div>\n\t\t\t\t<\/div>\n\t\t\t\t\t<\/div>\n\t\t\t\t<\/div>\n\t\t\t\t<div class=\"elementor-element elementor-element-49085a2 elementor-widget elementor-widget-heading\" data-id=\"49085a2\" data-element_type=\"widget\" data-e-type=\"widget\" data-widget_type=\"heading.default\">\n\t\t\t\t<div class=\"elementor-widget-container\">\n\t\t\t\t\t<h2 class=\"elementor-heading-title elementor-size-default\">\u5834\u6240<\/h2>\t\t\t\t<\/div>\n\t\t\t\t<\/div>\n\t\t<div data-particle_enable=\"false\" data-particle-mobile-disabled=\"false\" class=\"elementor-element elementor-element-fc8cd6c e-flex e-con-boxed e-con e-child\" data-id=\"fc8cd6c\" data-element_type=\"container\" data-e-type=\"container\">\n\t\t\t\t\t<div class=\"e-con-inner\">\n\t\t\t\t<div class=\"elementor-element elementor-element-4b65948 elementor-widget elementor-widget-html\" data-id=\"4b65948\" data-element_type=\"widget\" data-e-type=\"widget\" data-widget_type=\"html.default\">\n\t\t\t\t<div class=\"elementor-widget-container\">\n\t\t\t\t\t<iframe src=\"https:\/\/www.google.com\/maps\/d\/u\/0\/embed?mid=1dB4hYOe0gbBSeC2UTUeJrxuwyVpMd-0&ehbc=2E312F&noprof=1\" width=\"640\" height=\"480\"><\/iframe>\t\t\t\t<\/div>\n\t\t\t\t<\/div>\n\t\t\t\t\t<\/div>\n\t\t\t\t<\/div>\n\t\t\t\t\t<\/div>\n\t\t\t\t<\/div>\n\t\t<div data-particle_enable=\"false\" data-particle-mobile-disabled=\"false\" class=\"elementor-element elementor-element-35b3ccb e-flex e-con-boxed e-con e-child\" data-id=\"35b3ccb\" data-element_type=\"container\" data-e-type=\"container\">\n\t\t\t\t\t<div class=\"e-con-inner\">\n\t\t\t\t<div class=\"elementor-element elementor-element-d3fbbb9 elementor-widget elementor-widget-heading\" data-id=\"d3fbbb9\" data-element_type=\"widget\" data-e-type=\"widget\" data-widget_type=\"heading.default\">\n\t\t\t\t<div class=\"elementor-widget-container\">\n\t\t\t\t\t<h2 class=\"elementor-heading-title elementor-size-default\">\u304a\u554f\u3044\u5408\u308f\u305b\u30d5\u30a9\u30fc\u30e0<\/h2>\t\t\t\t<\/div>\n\t\t\t\t<\/div>\n\t\t\t\t<div class=\"elementor-element elementor-element-7c4a909 elementor-widget elementor-widget-wpforms\" data-id=\"7c4a909\" data-element_type=\"widget\" data-e-type=\"widget\" data-widget_type=\"wpforms.default\">\n\t\t\t\t<div class=\"elementor-widget-container\">\n\t\t\t\t\t<style id=\"wpforms-css-vars-root\">\n\t\t\t\t:root {\n\t\t\t\t\t--wpforms-field-border-radius: 3px;\n--wpforms-field-border-style: solid;\n--wpforms-field-border-size: 1px;\n--wpforms-field-background-color: #ffffff;\n--wpforms-field-border-color: rgba( 0, 0, 0, 0.25 );\n--wpforms-field-border-color-spare: rgba( 0, 0, 0, 0.25 );\n--wpforms-field-text-color: rgba( 0, 0, 0, 0.7 );\n--wpforms-field-menu-color: #ffffff;\n--wpforms-label-color: rgba( 0, 0, 0, 0.85 );\n--wpforms-label-sublabel-color: rgba( 0, 0, 0, 0.55 );\n--wpforms-label-error-color: #d63637;\n--wpforms-button-border-radius: 3px;\n--wpforms-button-border-style: none;\n--wpforms-button-border-size: 1px;\n--wpforms-button-background-color: #066aab;\n--wpforms-button-border-color: #066aab;\n--wpforms-button-text-color: #ffffff;\n--wpforms-page-break-color: #066aab;\n--wpforms-background-image: none;\n--wpforms-background-position: center center;\n--wpforms-background-repeat: no-repeat;\n--wpforms-background-size: cover;\n--wpforms-background-width: 100px;\n--wpforms-background-height: 100px;\n--wpforms-background-color: rgba( 0, 0, 0, 0 );\n--wpforms-background-url: none;\n--wpforms-container-padding: 0px;\n--wpforms-container-border-style: none;\n--wpforms-container-border-width: 1px;\n--wpforms-container-border-color: #000000;\n--wpforms-container-border-radius: 3px;\n--wpforms-field-size-input-height: 43px;\n--wpforms-field-size-input-spacing: 15px;\n--wpforms-field-size-font-size: 16px;\n--wpforms-field-size-line-height: 19px;\n--wpforms-field-size-padding-h: 14px;\n--wpforms-field-size-checkbox-size: 16px;\n--wpforms-field-size-sublabel-spacing: 5px;\n--wpforms-field-size-icon-size: 1;\n--wpforms-label-size-font-size: 16px;\n--wpforms-label-size-line-height: 19px;\n--wpforms-label-size-sublabel-font-size: 14px;\n--wpforms-label-size-sublabel-line-height: 17px;\n--wpforms-button-size-font-size: 17px;\n--wpforms-button-size-height: 41px;\n--wpforms-button-size-padding-h: 15px;\n--wpforms-button-size-margin-top: 10px;\n--wpforms-container-shadow-size-box-shadow: none;\n\n\t\t\t\t}\n\t\t\t<\/style><style id=\"wpforms-css-vars-elementor-widget-7c4a909\">\n\t\t\t\t.elementor-widget-wpforms.elementor-element-7c4a909 {\n\t\t\t\t\t--wpforms-field-size-input-height: 43px;\n--wpforms-field-size-input-spacing: 15px;\n--wpforms-field-size-font-size: 16px;\n--wpforms-field-size-line-height: 19px;\n--wpforms-field-size-padding-h: 14px;\n--wpforms-field-size-checkbox-size: 16px;\n--wpforms-field-size-sublabel-spacing: 5px;\n--wpforms-field-size-icon-size: 1;\n--wpforms-label-size-font-size: 16px;\n--wpforms-label-size-line-height: 19px;\n--wpforms-label-size-sublabel-font-size: 14px;\n--wpforms-label-size-sublabel-line-height: 17px;\n--wpforms-button-size-font-size: 17px;\n--wpforms-button-size-height: 41px;\n--wpforms-button-size-padding-h: 15px;\n--wpforms-button-size-margin-top: 10px;\n\n\t\t\t\t}\n\t\t\t<\/style><div class=\"wpforms-container wpforms-container-full wpforms-render-modern\" id=\"wpforms-3042\"><form id=\"wpforms-form-3042\" class=\"wpforms-validate wpforms-form wpforms-ajax-form\" data-formid=\"3042\" method=\"post\" enctype=\"multipart\/form-data\" action=\"\/ja\/wp-json\/wp\/v2\/pages\/18\" data-token=\"0758d5ff96c51f808372c8da1b08d3d3\" data-token-time=\"1778071866\" data-trp-original-action=\"\/ja\/wp-json\/wp\/v2\/pages\/18\"><noscript class=\"wpforms-error-noscript\">\u3053\u306e\u30d5\u30a9\u30fc\u30e0\u306b\u5165\u529b\u3059\u308b\u306b\u306f\u3001\u30d6\u30e9\u30a6\u30b6\u30fc\u3067 JavaScript \u3092\u6709\u52b9\u306b\u3057\u3066\u304f\u3060\u3055\u3044\u3002<\/noscript><div class=\"wpforms-hidden\" id=\"wpforms-error-noscript\">\u3053\u306e\u30d5\u30a9\u30fc\u30e0\u306b\u5165\u529b\u3059\u308b\u306b\u306f\u3001\u30d6\u30e9\u30a6\u30b6\u30fc\u3067 JavaScript \u3092\u6709\u52b9\u306b\u3057\u3066\u304f\u3060\u3055\u3044\u3002<\/div><div class=\"wpforms-field-container\"><div id=\"wpforms-3042-field_7-container\" class=\"wpforms-field wpforms-field-name\" data-field-id=\"7\"><fieldset><legend class=\"wpforms-field-label\">\u540d\u79f0 <span class=\"wpforms-required-label\" aria-hidden=\"true\">*<\/span><\/legend><div class=\"wpforms-field-row wpforms-field-large\"><div class=\"wpforms-field-row-block wpforms-first wpforms-one-half\"><input type=\"text\" id=\"wpforms-3042-field_7\" class=\"wpforms-field-name-first wpforms-field-required\" name=\"wpforms[fields][7][first]\" aria-errormessage=\"wpforms-3042-field_7-error\" required><label for=\"wpforms-3042-field_7\" class=\"wpforms-field-sublabel after\">\u540d<\/label><\/div><div class=\"wpforms-field-row-block wpforms-one-half\"><input type=\"text\" id=\"wpforms-3042-field_7-last\" class=\"wpforms-field-name-last wpforms-field-required\" name=\"wpforms[fields][7][last]\" aria-errormessage=\"wpforms-3042-field_7-last-error\" required><label for=\"wpforms-3042-field_7-last\" class=\"wpforms-field-sublabel after\">\u59d3<\/label><\/div><\/div><\/fieldset><\/div><div id=\"wpforms-3042-field_6-container\" class=\"wpforms-field wpforms-field-email\" data-field-id=\"6\"><label class=\"wpforms-field-label\" for=\"wpforms-3042-field_6\">\u96fb\u5b50\u30e1\u30fc\u30eb <span class=\"wpforms-required-label\" aria-hidden=\"true\">*<\/span><\/label><input type=\"email\" id=\"wpforms-3042-field_6\" class=\"wpforms-field-large wpforms-field-required\" name=\"wpforms[fields][6]\" spellcheck=\"false\" aria-errormessage=\"wpforms-3042-field_6-error\" required><\/div><div id=\"wpforms-3042-field_11-container\" class=\"wpforms-field wpforms-field-select wpforms-field-select-style-modern\" data-field-id=\"11\"><label class=\"wpforms-field-label\" for=\"wpforms-3042-field_11\">\u30c9\u30ed\u30c3\u30d7\u30c0\u30a6\u30f3\u30ea\u30b9\u30c8<\/label><select id=\"wpforms-3042-field_11\" class=\"wpforms-field-large choicesjs-select\" data-size-class=\"wpforms-field-row wpforms-field-large\" data-search-enabled=\"1\" name=\"wpforms[fields][11]\"><option value=\"\" class=\"placeholder\" disabled selected='selected'>4x4\u30b8\u30fc\u30d7\u30c4\u30a2\u30fc<\/option><option value=\"tours en jeep 4x4\" >4x4\u30b8\u30fc\u30d7\u30c4\u30a2\u30fc<\/option><option value=\"Balade en dromadaire\" >\u99ac\u306b\u4e57\u3063\u3066<\/option><option value=\"Randonn\u00e9e\" >\u30cf\u30a4\u30ad\u30f3\u30b0<\/option><option value=\"Escalade\" >\u30af\u30e9\u30a4\u30df\u30f3\u30b0<\/option><option value=\"Montgolfi\u00e8re\" >\u71b1\u6c17\u7403<\/option><option value=\"Camp\" >\u30ad\u30e3\u30f3\u30d7<\/option><option value=\"Nuit \u00e0 la belle \u00e9toile\" >\u661f\u7a7a\u306e\u4e0b\u306e\u591c<\/option><option value=\"Excursion sur mesure\" >\u30aa\u30fc\u30c0\u30fc\u30e1\u30a4\u30c9\u306e\u5c0f\u65c5\u884c<\/option><option value=\"Autre\" >\u305d\u306e\u4ed6<\/option><\/select><\/div><div id=\"wpforms-3042-field_8-container\" class=\"wpforms-field wpforms-field-phone\" data-field-id=\"8\"><label class=\"wpforms-field-label\" for=\"wpforms-3042-field_8\">\u96fb\u8a71 <span class=\"wpforms-required-label\" aria-hidden=\"true\">*<\/span><\/label><input type=\"tel\" id=\"wpforms-3042-field_8\" class=\"wpforms-field-large wpforms-field-required wpforms-smart-phone-field\" data-rule-smart-phone-field=\"true\" name=\"wpforms[fields][8]\" aria-label=\"\u96fb\u8a71\" aria-errormessage=\"wpforms-3042-field_8-error\" required><\/div><div id=\"wpforms-3042-field_5-container\" class=\"wpforms-field wpforms-field-text\" data-field-id=\"5\"><label class=\"wpforms-field-label\" for=\"wpforms-3042-field_5\">\u3042\u306a\u305f\u306e\u56fd\u7c4d<\/label><input type=\"text\" id=\"wpforms-3042-field_5\" class=\"wpforms-field-large\" name=\"wpforms[fields][5]\" aria-errormessage=\"wpforms-3042-field_5-error\" ><\/div><div id=\"wpforms-3042-field_16-container\" class=\"wpforms-field wpforms-field-text\" data-field-id=\"16\"><label class=\"wpforms-field-label\" for=\"wpforms-3042-field_16\">\u4eba\u6570<\/label><input type=\"text\" id=\"wpforms-3042-field_16\" class=\"wpforms-field-large\" name=\"wpforms[fields][16]\" aria-errormessage=\"wpforms-3042-field_16-error\" ><\/div><div id=\"wpforms-3042-field_9-container\" class=\"wpforms-field wpforms-field-date-time\" data-field-id=\"9\"><label class=\"wpforms-field-label\" for=\"wpforms-3042-field_9\">\u5e0c\u671b\u65e5<\/label><div class=\"wpforms-datepicker-wrap\"><input type=\"text\" id=\"wpforms-3042-field_9\" class=\"wpforms-field-date-time-date wpforms-datepicker wpforms-field-large\" data-date-format=\"m\/d\/Y\" data-disable-past-dates=\"0\" data-input=\"true\" name=\"wpforms[fields][9][date]\" aria-errormessage=\"wpforms-3042-field_9-error\" ><a title=\"Clear Date\" data-clear class=\"wpforms-datepicker-clear\" style=\"display:none;\"><\/a><\/div><\/div><div id=\"wpforms-3042-field_15-container\" class=\"wpforms-field wpforms-field-select wpforms-field-select-style-modern\" data-field-id=\"15\"><label class=\"wpforms-field-label\" for=\"wpforms-3042-field_15\">\u30ea\u30af\u30a8\u30b9\u30c8\u306e\u5bfe\u8c61 <span class=\"wpforms-required-label\" aria-hidden=\"true\">*<\/span><\/label><select id=\"wpforms-3042-field_15\" class=\"wpforms-field-large wpforms-field-required choicesjs-select\" data-size-class=\"wpforms-field-row wpforms-field-large\" data-search-enabled=\"\" name=\"wpforms[fields][15]\" required=\"required\"><option value=\"\" class=\"placeholder\" disabled selected='selected'>\u8cc7\u6599\u8acb\u6c42<\/option><option value=\"Demande d&#039;information\" >\u8cc7\u6599\u8acb\u6c42<\/option><option value=\"Modification ou annulation de la commande\" >\u6ce8\u6587\u306e\u5909\u66f4\u307e\u305f\u306f\u30ad\u30e3\u30f3\u30bb\u30eb<\/option><option value=\"Autre\" >\u305d\u306e\u4ed6<\/option><\/select><\/div><div id=\"wpforms-3042-field_12-container\" class=\"wpforms-field wpforms-field-textarea\" data-field-id=\"12\"><label class=\"wpforms-field-label\" for=\"wpforms-3042-field_12\">\u30e1\u30c3\u30bb\u30fc\u30b8<\/label><textarea id=\"wpforms-3042-field_12\" class=\"wpforms-field-large\" name=\"wpforms[fields][12]\" aria-errormessage=\"wpforms-3042-field_12-error\" ><\/textarea><\/div><div id=\"wpforms-3042-field_10-container\" class=\"wpforms-field wpforms-field-captcha\" data-field-id=\"10\"><label class=\"wpforms-field-label\" for=\"wpforms-3042-field_10\">\u30ab\u30b9\u30bf\u30de\u30a4\u30ba\u3055\u308c\u305fCAPTCHA <span class=\"wpforms-required-label\" aria-hidden=\"true\">*<\/span><\/label>\t\t\t<div class=\"wpforms-captcha-math\">\n\t\t\t\t<span id=\"wpforms-3042-field_10-question\" class=\"wpforms-captcha-equation\">\n\t\t\t\t\t<span class=\"n1\">1<\/span>\n\t\t\t\t\t\t\t<span class=\"cal\">*<\/span>\n\t\t\t\t\t\t\t<span class=\"n2\">3<\/span>\t\t\t\t\t<span class=\"e\">=<\/span>\n\t\t\t\t<\/span>\n\t\t\t\t<input type=\"text\" id=\"wpforms-3042-field_10\" class=\"wpforms-field-medium wpforms-field-required a\" data-rule-wpf-captcha=\"math\" data-is-wrapped-field=\"1\" name=\"wpforms[fields][10][a]\" aria-errormessage=\"wpforms-3042-field_10-error\" aria-describedby=\"wpforms-3042-field_10-question\" required>\t\t\t\t<input type=\"hidden\" name=\"wpforms[fields][10][cal]\" class=\"cal\">\n\t\t\t\t<input type=\"hidden\" name=\"wpforms[fields][10][n2]\" class=\"n2\">\n\t\t\t\t<input type=\"hidden\" name=\"wpforms[fields][10][n1]\" class=\"n1\">\n\t\t\t<\/div>\n\t\t\t<\/div><\/div><!-- .wpforms-field-container --><div class=\"wpforms-submit-container\" ><input type=\"hidden\" name=\"wpforms[id]\" value=\"3042\"><input type=\"hidden\" name=\"page_title\" value=\"\"><input type=\"hidden\" name=\"page_url\" value=\"https:\/\/wadirumdune.com\/ja\/wp-json\/wp\/v2\/pages\/18\"><button type=\"submit\" name=\"wpforms[submit]\" id=\"wpforms-submit-3042\" class=\"wpforms-submit\" data-alt-text=\"Envoi...\" data-submit-text=\"Envoyer\" aria-live=\"assertive\" value=\"wpforms-submit\">\u9001\u4fe1<\/button><img decoding=\"async\" src=\"https:\/\/wadirumdune.com\/wp-content\/plugins\/wpforms\/assets\/images\/submit-spin.svg\" class=\"wpforms-submit-spinner\" style=\"display: none;\" width=\"26\" height=\"26\" alt=\"\u8aad\u307f\u8fbc\u307f\u4e2d\"><\/div><input type=\"hidden\" name=\"trp-form-language\" value=\"ja\"\/><\/form><\/div>  <!-- .wpforms-container -->\t\t\t\t<\/div>\n\t\t\t\t<\/div>\n\t\t\t\t\t<\/div>\n\t\t\t\t<\/div>\n\t\t\t\t\t<\/div>\n\t\t\t\t<\/div>\n\t\t\t\t<\/div>","protected":false},"excerpt":{"rendered":"<p>Contactez nous via: Pour tout renseignements vous pouvez nous contacter par mail, via nos r\u00e9seaux sociaux ou sur Whatsapp E-mail info@wadirumdune.com T\u00e9l\u00e9phone +33 7 66617997 (Whatsapp fran\u00e7ais\/anglais\/arabe) Localisations: Formulaire de contact Veuillez activer JavaScript dans votre navigateur pour remplir ce formulaire.Veuillez activer JavaScript dans votre navigateur pour remplir ce formulaire. Nom * Pr\u00e9nomNom E-mail *Liste d\u00e9roulantetours en jeep 4&#215;4tours en jeep 4&#215;4Balade en dromadaireRandonn\u00e9eEscaladeMontgolfi\u00e8reCampNuit \u00e0 la belle \u00e9toileExcursion sur mesureAutreT\u00e9l\u00e9phone *Votre(vos) nationalit\u00e9(s)Nombre de personnesDate souhait\u00e9Sujet de la demande *Demande d&#039;informationDemande d&#039;informationModification ou annulation de la commandeAutreMessageCAPTCHA personnalis\u00e9 * 10 + 10 = Envoyer<\/p>","protected":false},"author":1,"featured_media":0,"parent":0,"menu_order":0,"comment_status":"closed","ping_status":"closed","template":"","meta":{"footnotes":""},"class_list":["post-18","page","type-page","status-publish","hentry"],"jetpack_sharing_enabled":true,"_links":{"self":[{"href":"https:\/\/wadirumdune.com\/ja\/wp-json\/wp\/v2\/pages\/18","targetHints":{"allow":["GET"]}}],"collection":[{"href":"https:\/\/wadirumdune.com\/ja\/wp-json\/wp\/v2\/pages"}],"about":[{"href":"https:\/\/wadirumdune.com\/ja\/wp-json\/wp\/v2\/types\/page"}],"author":[{"embeddable":true,"href":"https:\/\/wadirumdune.com\/ja\/wp-json\/wp\/v2\/users\/1"}],"replies":[{"embeddable":true,"href":"https:\/\/wadirumdune.com\/ja\/wp-json\/wp\/v2\/comments?post=18"}],"version-history":[{"count":3,"href":"https:\/\/wadirumdune.com\/ja\/wp-json\/wp\/v2\/pages\/18\/revisions"}],"predecessor-version":[{"id":5406,"href":"https:\/\/wadirumdune.com\/ja\/wp-json\/wp\/v2\/pages\/18\/revisions\/5406"}],"wp:attachment":[{"href":"https:\/\/wadirumdune.com\/ja\/wp-json\/wp\/v2\/media?parent=18"}],"curies":[{"name":"wp","href":"https:\/\/api.w.org\/{rel}","templated":true}]}}