{"id":47,"date":"2024-05-04T16:42:12","date_gmt":"2024-05-04T14:42:12","guid":{"rendered":"https:\/\/wadirumdune.com\/?page_id=47"},"modified":"2024-10-09T20:26:06","modified_gmt":"2024-10-09T18:26:06","slug":"chi-siamo","status":"publish","type":"page","link":"https:\/\/wadirumdune.com\/it\/chi-siamo\/","title":{"rendered":"Chi siamo?"},"content":{"rendered":"<div data-elementor-type=\"wp-page\" data-elementor-id=\"47\" class=\"elementor elementor-47\" data-elementor-post-type=\"page\">\n\t\t\t\t<div data-particle_enable=\"false\" data-particle-mobile-disabled=\"false\" class=\"elementor-element elementor-element-3e26c84 e-con-full e-flex e-con e-parent\" data-id=\"3e26c84\" data-element_type=\"container\" data-e-type=\"container\" data-settings=\"{&quot;background_background&quot;:&quot;classic&quot;,&quot;animation&quot;:&quot;none&quot;}\">\n\t\t<div data-particle_enable=\"false\" data-particle-mobile-disabled=\"false\" class=\"elementor-element elementor-element-6d286d5 e-con-full e-flex e-con e-child\" data-id=\"6d286d5\" data-element_type=\"container\" data-e-type=\"container\">\n\t\t\t\t<div class=\"elementor-element elementor-element-500bbae eael-dual-header-content-align-center elementor-invisible elementor-widget elementor-widget-eael-dual-color-header\" data-id=\"500bbae\" data-element_type=\"widget\" data-e-type=\"widget\" data-settings=\"{&quot;_animation&quot;:&quot;fadeInRight&quot;}\" data-widget_type=\"eael-dual-color-header.default\">\n\t\t\t\t<div class=\"elementor-widget-container\">\n\t\t\t\t\t\t\t\t<div class=\"eael-dual-header\">\n\t\t\t\t<h1 class=\"title eael-dch-title\"><span class=\"eael-dch-title-text eael-dch-title-lead lead solid-color\">WADI RUM<\/span> <span class=\"eael-dch-title-text\">DUNE<\/span><\/h1>\t\t\t<\/div>\n\n\t\t\t\t\t\t<\/div>\n\t\t\t\t<\/div>\n\t\t\t\t<div class=\"elementor-element elementor-element-9a2e4d2 elementor-invisible elementor-widget elementor-widget-heading\" data-id=\"9a2e4d2\" data-element_type=\"widget\" data-e-type=\"widget\" data-settings=\"{&quot;_animation&quot;:&quot;fadeInRight&quot;}\" data-widget_type=\"heading.default\">\n\t\t\t\t<div class=\"elementor-widget-container\">\n\t\t\t\t\t<h2 class=\"elementor-heading-title elementor-size-default\">Tour e campeggio<\/h2>\t\t\t\t<\/div>\n\t\t\t\t<\/div>\n\t\t\t\t<div class=\"elementor-element elementor-element-d8d4111 elementor-invisible elementor-widget elementor-widget-heading\" data-id=\"d8d4111\" data-element_type=\"widget\" data-e-type=\"widget\" data-settings=\"{&quot;_animation&quot;:&quot;fadeInRight&quot;}\" data-widget_type=\"heading.default\">\n\t\t\t\t<div class=\"elementor-widget-container\">\n\t\t\t\t\t<h2 class=\"elementor-heading-title elementor-size-default\">Chi siamo?<\/h2>\t\t\t\t<\/div>\n\t\t\t\t<\/div>\n\t\t\t\t<div class=\"elementor-element elementor-element-6a78c8e elementor-align-center elementor-invisible elementor-widget elementor-widget-button\" data-id=\"6a78c8e\" data-element_type=\"widget\" data-e-type=\"widget\" data-settings=\"{&quot;_animation&quot;:&quot;fadeInRight&quot;}\" data-widget_type=\"button.default\">\n\t\t\t\t<div class=\"elementor-widget-container\">\n\t\t\t\t\t\t\t\t\t<div class=\"elementor-button-wrapper\">\n\t\t\t\t\t<a class=\"elementor-button elementor-button-link elementor-size-sm\" href=\"https:\/\/wadirumdune.com\/it\/prenotazione\/\">\n\t\t\t\t\t\t<span class=\"elementor-button-content-wrapper\">\n\t\t\t\t\t\t\t\t\t<span class=\"elementor-button-text\">Prenota la tua esperienza<\/span>\n\t\t\t\t\t<\/span>\n\t\t\t\t\t<\/a>\n\t\t\t\t<\/div>\n\t\t\t\t\t\t\t\t<\/div>\n\t\t\t\t<\/div>\n\t\t\t\t<\/div>\n\t\t\t\t<\/div>\n\t\t<div data-particle_enable=\"false\" data-particle-mobile-disabled=\"false\" class=\"elementor-element elementor-element-5e10c03 e-flex e-con-boxed e-con e-parent\" data-id=\"5e10c03\" data-element_type=\"container\" data-e-type=\"container\">\n\t\t\t\t\t<div class=\"e-con-inner\">\n\t\t<div data-particle_enable=\"false\" data-particle-mobile-disabled=\"false\" class=\"elementor-element elementor-element-b60a47d e-flex e-con-boxed e-con e-child\" data-id=\"b60a47d\" data-element_type=\"container\" data-e-type=\"container\">\n\t\t\t\t\t<div class=\"e-con-inner\">\n\t\t<div data-particle_enable=\"false\" data-particle-mobile-disabled=\"false\" class=\"elementor-element elementor-element-ebd6da9 e-flex e-con-boxed elementor-invisible e-con e-child\" data-id=\"ebd6da9\" data-element_type=\"container\" data-e-type=\"container\" data-settings=\"{&quot;animation&quot;:&quot;fadeInUp&quot;}\">\n\t\t\t\t\t<div class=\"e-con-inner\">\n\t\t\t\t<div class=\"elementor-element elementor-element-bea5490 elementor-widget elementor-widget-image\" data-id=\"bea5490\" data-element_type=\"widget\" data-e-type=\"widget\" data-widget_type=\"image.default\">\n\t\t\t\t<div class=\"elementor-widget-container\">\n\t\t\t\t\t\t\t\t\t\t\t\t\t\t\t<img fetchpriority=\"high\" decoding=\"async\" width=\"1600\" height=\"1200\" src=\"https:\/\/wadirumdune.com\/wp-content\/uploads\/2024\/06\/4651.jpeg\" class=\"attachment-full size-full wp-image-3322\" alt=\"Duna del Wadi Rum\" srcset=\"https:\/\/wadirumdune.com\/wp-content\/uploads\/2024\/06\/4651.jpeg 1600w, https:\/\/wadirumdune.com\/wp-content\/uploads\/2024\/06\/4651-300x225.jpeg 300w, https:\/\/wadirumdune.com\/wp-content\/uploads\/2024\/06\/4651-1024x768.jpeg 1024w, https:\/\/wadirumdune.com\/wp-content\/uploads\/2024\/06\/4651-768x576.jpeg 768w, https:\/\/wadirumdune.com\/wp-content\/uploads\/2024\/06\/4651-1536x1152.jpeg 1536w, https:\/\/wadirumdune.com\/wp-content\/uploads\/2024\/06\/4651-600x450.jpeg 600w\" sizes=\"(max-width: 1600px) 100vw, 1600px\" \/>\t\t\t\t\t\t\t\t\t\t\t\t\t\t\t<\/div>\n\t\t\t\t<\/div>\n\t\t\t\t\t<\/div>\n\t\t\t\t<\/div>\n\t\t<div data-particle_enable=\"false\" data-particle-mobile-disabled=\"false\" class=\"elementor-element elementor-element-52d5fa6 e-flex e-con-boxed elementor-invisible e-con e-child\" data-id=\"52d5fa6\" data-element_type=\"container\" data-e-type=\"container\" data-settings=\"{&quot;animation&quot;:&quot;fadeInUp&quot;}\">\n\t\t\t\t\t<div class=\"e-con-inner\">\n\t\t\t\t<div class=\"elementor-element elementor-element-7d7d98f elementor-widget elementor-widget-text-editor\" data-id=\"7d7d98f\" data-element_type=\"widget\" data-e-type=\"widget\" data-widget_type=\"text-editor.default\">\n\t\t\t\t<div class=\"elementor-widget-container\">\n\t\t\t\t\t\t\t\t\t<p>Ciao e benvenuto! Mi chiamo Daifallah e sono un'appassionata guida turistica beduina, nata e cresciuta nel magnifico deserto del Wadi Rum. Il mio obiettivo \u00e8 quello di offrirvi un'avventura indimenticabile e autentica, condividendo con voi la bellezza e la ricchezza di questo paesaggio spettacolare.<\/p><p><strong>Il mio viaggio<\/strong><\/p><p>Provenendo dalla comunit\u00e0 beduina, sono cresciuta circondata dalle maestose dune di sabbia e dalle formazioni rocciose del Wadi Rum. Questa regione non ha segreti per me e la mia conoscenza approfondita del deserto mi permette di guidarvi attraverso le sue meraviglie, dai siti pi\u00f9 famosi ai tesori nascosti che solo i locali conoscono.<\/p><p><a href=\"https:\/\/wadirumdune.com\/it\/prenotazione\/\">Prenota ora la tua esperienza<\/a><\/p>\t\t\t\t\t\t\t\t<\/div>\n\t\t\t\t<\/div>\n\t\t\t\t\t<\/div>\n\t\t\t\t<\/div>\n\t\t\t\t\t<\/div>\n\t\t\t\t<\/div>\n\t\t<div data-particle_enable=\"false\" data-particle-mobile-disabled=\"false\" class=\"elementor-element elementor-element-6a5de1a e-flex e-con-boxed e-con e-child\" data-id=\"6a5de1a\" data-element_type=\"container\" data-e-type=\"container\">\n\t\t\t\t\t<div class=\"e-con-inner\">\n\t\t<div data-particle_enable=\"false\" data-particle-mobile-disabled=\"false\" class=\"elementor-element elementor-element-e62a292 e-flex e-con-boxed e-con e-child\" data-id=\"e62a292\" data-element_type=\"container\" data-e-type=\"container\">\n\t\t\t\t\t<div class=\"e-con-inner\">\n\t\t\t\t<div class=\"elementor-element elementor-element-3961a9f elementor-widget-divider--view-line elementor-invisible elementor-widget elementor-widget-divider\" data-id=\"3961a9f\" data-element_type=\"widget\" data-e-type=\"widget\" data-settings=\"{&quot;_animation&quot;:&quot;fadeInUp&quot;,&quot;_animation_delay&quot;:300}\" data-widget_type=\"divider.default\">\n\t\t\t\t<div class=\"elementor-widget-container\">\n\t\t\t\t\t\t\t<div class=\"elementor-divider\">\n\t\t\t<span class=\"elementor-divider-separator\">\n\t\t\t\t\t\t<\/span>\n\t\t<\/div>\n\t\t\t\t\t\t<\/div>\n\t\t\t\t<\/div>\n\t\t\t\t<div class=\"elementor-element elementor-element-82f9b33 elementor-invisible elementor-widget elementor-widget-heading\" data-id=\"82f9b33\" data-element_type=\"widget\" data-e-type=\"widget\" data-settings=\"{&quot;_animation&quot;:&quot;fadeInUp&quot;}\" data-widget_type=\"heading.default\">\n\t\t\t\t<div class=\"elementor-widget-container\">\n\t\t\t\t\t<h2 class=\"elementor-heading-title elementor-size-default\">Perch\u00e9 scegliere noi<\/h2>\t\t\t\t<\/div>\n\t\t\t\t<\/div>\n\t\t\t\t<div class=\"elementor-element elementor-element-e146f6a elementor-invisible elementor-widget elementor-widget-eael-image-accordion\" data-id=\"e146f6a\" data-element_type=\"widget\" data-e-type=\"widget\" data-settings=\"{&quot;_animation&quot;:&quot;fadeInUp&quot;}\" data-widget_type=\"eael-image-accordion.default\">\n\t\t\t\t<div class=\"elementor-widget-container\">\n\t\t\t\t\t    <div class=\"eael-img-accordion accordion-direction-horizontal eael-img-accordion-horizontal-align-center eael-img-accordion-vertical-align-center\" id=\"eael-img-accordion-e146f6a\" data-img-accordion-id=\"e146f6a\" data-img-accordion-type=\"on-hover\">\n                    \n            <div class=\"eael-image-accordion-hover eael-image-accordion-item\" style=\"background-image: url(https:\/\/wadirumdune.com\/wp-content\/uploads\/2024\/06\/1546819942.jpg);\"  tabindex=\"0\">\n                <div class=\"overlay\">\n                                        <div class=\"overlay-inner\">\n                        <h2 class=\"img-accordion-title\">Competenza locale<\/h2>                            <p><p>Con molti anni di esperienza come guida in questa regione, vi offro una competenza impareggiabile e una passione genuina per il deserto del Wadi Rum.<\/p><\/p>\n                                            <\/div>\n                <\/div>\n            <\/div>\n                    \n            <div class=\"eael-image-accordion-hover eael-image-accordion-item\" style=\"background-image: url(https:\/\/wadirumdune.com\/wp-content\/uploads\/2024\/06\/vecteezy_um-fruth-rock-arch-in-wadi-rum-jordan_1986597.jpg);\"  tabindex=\"0\">\n                <div class=\"overlay\">\n                                        <div class=\"overlay-inner\">\n                        <h2 class=\"img-accordion-title\">Incontri culturali<\/h2>                            <p><p>Immergetevi nella cultura beduina scoprendo i nostri costumi, la musica e le danze. Condividere momenti autentici con la mia famiglia e la mia comunit\u00e0.<\/p><\/p>\n                                            <\/div>\n                <\/div>\n            <\/div>\n                    \n            <div class=\"eael-image-accordion-hover eael-image-accordion-item\" style=\"background-image: url(https:\/\/wadirumdune.com\/wp-content\/uploads\/2024\/06\/1226342102.jpg);\"  tabindex=\"0\">\n                <div class=\"overlay\">\n                                        <div class=\"overlay-inner\">\n                        <h2 class=\"img-accordion-title\">Rispetto e sostenibilit\u00e0<\/h2>                            <p><p>Come custode di questo magnifico ambiente, mi impegno per un turismo responsabile e sostenibile, che rispetti la natura e le tradizioni locali.<\/p><\/p>\n                                            <\/div>\n                <\/div>\n            <\/div>\n                    \n            <div class=\"eael-image-accordion-hover eael-image-accordion-item\" style=\"background-image: url(https:\/\/wadirumdune.com\/wp-content\/uploads\/2024\/06\/IMG-20210809-WA0015.jpeg);\"  tabindex=\"0\">\n                <div class=\"overlay\">\n                                        <div class=\"overlay-inner\">\n                        <h2 class=\"img-accordion-title\">Esperienza personalizzata<\/h2>                            <p><p>Che siate audaci avventurieri o in cerca di tranquillit\u00e0, mi adatter\u00f2 ai vostri desideri per creare un itinerario su misura.<\/p><\/p>\n                                            <\/div>\n                <\/div>\n            <\/div>\n                <\/div>\n        <style typr=\"text\/css\">\n                    #eael-img-accordion-e146f6a .eael-image-accordion-hover:hover {\n                        flex: 3 1 0% !important;\n                    }\n                    #eael-img-accordion-e146f6a .eael-image-accordion-hover:hover:hover .overlay-inner * {\n                        opacity: 1;\n                        visibility: visible;\n                        transform: none;\n                        transition: all .3s .3s;\n                    }\n                <\/style>\t\t\t\t<\/div>\n\t\t\t\t<\/div>\n\t\t\t\t\t<\/div>\n\t\t\t\t<\/div>\n\t\t\t\t\t<\/div>\n\t\t\t\t<\/div>\n\t\t\t\t\t<\/div>\n\t\t\t\t<\/div>\n\t\t\t\t<\/div>","protected":false},"excerpt":{"rendered":"<p>WADI RUM DUNE Tours &amp; Camp Qui sommes-nous ? R\u00e9server votre exp\u00e9rience Bonjour et bienvenue ! Je m&rsquo;appelle Daifallah, et je suis un guide touristique b\u00e9douin passionn\u00e9, n\u00e9 et \u00e9lev\u00e9 dans le magnifique d\u00e9sert de Wadi Rum. Mon but est de vous faire vivre une aventure inoubliable et authentique, en partageant avec vous la beaut\u00e9 [&hellip;]<\/p>","protected":false},"author":1,"featured_media":0,"parent":0,"menu_order":0,"comment_status":"closed","ping_status":"closed","template":"","meta":{"footnotes":""},"class_list":["post-47","page","type-page","status-publish","hentry"],"jetpack_sharing_enabled":true,"_links":{"self":[{"href":"https:\/\/wadirumdune.com\/it\/wp-json\/wp\/v2\/pages\/47","targetHints":{"allow":["GET"]}}],"collection":[{"href":"https:\/\/wadirumdune.com\/it\/wp-json\/wp\/v2\/pages"}],"about":[{"href":"https:\/\/wadirumdune.com\/it\/wp-json\/wp\/v2\/types\/page"}],"author":[{"embeddable":true,"href":"https:\/\/wadirumdune.com\/it\/wp-json\/wp\/v2\/users\/1"}],"replies":[{"embeddable":true,"href":"https:\/\/wadirumdune.com\/it\/wp-json\/wp\/v2\/comments?post=47"}],"version-history":[{"count":6,"href":"https:\/\/wadirumdune.com\/it\/wp-json\/wp\/v2\/pages\/47\/revisions"}],"predecessor-version":[{"id":5447,"href":"https:\/\/wadirumdune.com\/it\/wp-json\/wp\/v2\/pages\/47\/revisions\/5447"}],"wp:attachment":[{"href":"https:\/\/wadirumdune.com\/it\/wp-json\/wp\/v2\/media?parent=47"}],"curies":[{"name":"wp","href":"https:\/\/api.w.org\/{rel}","templated":true}]}}