{"id":2467,"date":"2024-05-20T14:54:16","date_gmt":"2024-05-20T12:54:16","guid":{"rendered":"https:\/\/wadirumdune.com\/?post_type=product&#038;p=2467"},"modified":"2024-06-26T20:35:59","modified_gmt":"2024-06-26T18:35:59","slug":"kamelritt","status":"publish","type":"product","link":"https:\/\/wadirumdune.com\/de\/product\/kamelritt\/","title":{"rendered":"Ritt auf einem Kamel"},"content":{"rendered":"<p class=\"serp-title\">Ritt auf einem Kamel<\/p>\n<p>Entdecken Sie den Zauber der W\u00fcste von Wadi Rum bei einem Ausflug auf dem R\u00fccken eines Kamels. Erkunden Sie die D\u00fcnen und Felsformationen, gef\u00fchrt von unseren Beduinen-Experten. In dieser legend\u00e4ren Landschaft erwartet Sie ein authentisches und unvergessliches Erlebnis.<\/p>","protected":false},"excerpt":{"rendered":"<p>Entdecken Sie die W\u00fcste in Ihrem eigenen Tempo: Unvergessliche Kamelritte in Wadi Rum, f\u00fcr ein authentisches Erlebnis in ein oder zwei Stunden!<\/p>","protected":false},"featured_media":1604,"comment_status":"open","ping_status":"closed","template":"","meta":[],"product_brand":[],"product_cat":[29,39],"product_tag":[],"class_list":{"0":"post-2467","1":"product","2":"type-product","3":"status-publish","4":"has-post-thumbnail","6":"product_cat-reservation","7":"product_cat-tours","9":"first","10":"instock","11":"shipping-taxable","12":"purchasable","13":"product-type-variable"},"exclude_global_add_ons":false,"addons":[{"name":"Datum","type":"datepicker","position":0,"required":true,"title_format":"label","description_enable":false,"description":"","placeholder_enable":false,"placeholder":"","display":"select","restrictions_type":"any_text","adjust_price":false,"price":"","price_type":"flat_fee","restrictions":false,"min":0,"max":0,"options":[],"id":1716990316}],"jetpack_sharing_enabled":true,"tiered_pricing_type":"fixed","tiered_pricing_fixed_rules":[],"tiered_pricing_product_settings":{"layout":"default","base_unit_name":{"singular":null,"plural":null},"default_variation":null},"tiered_pricing_minimum_quantity":null,"tiered_pricing_roles_data":[],"tiered_pricing_percentage_rules":[],"_links":{"self":[{"href":"https:\/\/wadirumdune.com\/de\/wp-json\/wp\/v2\/product\/2467","targetHints":{"allow":["GET"]}}],"collection":[{"href":"https:\/\/wadirumdune.com\/de\/wp-json\/wp\/v2\/product"}],"about":[{"href":"https:\/\/wadirumdune.com\/de\/wp-json\/wp\/v2\/types\/product"}],"replies":[{"embeddable":true,"href":"https:\/\/wadirumdune.com\/de\/wp-json\/wp\/v2\/comments?post=2467"}],"version-history":[{"count":0,"href":"https:\/\/wadirumdune.com\/de\/wp-json\/wp\/v2\/product\/2467\/revisions"}],"wp:featuredmedia":[{"embeddable":true,"href":"https:\/\/wadirumdune.com\/de\/wp-json\/wp\/v2\/media\/1604"}],"wp:attachment":[{"href":"https:\/\/wadirumdune.com\/de\/wp-json\/wp\/v2\/media?parent=2467"}],"wp:term":[{"taxonomy":"product_brand","embeddable":true,"href":"https:\/\/wadirumdune.com\/de\/wp-json\/wp\/v2\/product_brand?post=2467"},{"taxonomy":"product_cat","embeddable":true,"href":"https:\/\/wadirumdune.com\/de\/wp-json\/wp\/v2\/product_cat?post=2467"},{"taxonomy":"product_tag","embeddable":true,"href":"https:\/\/wadirumdune.com\/de\/wp-json\/wp\/v2\/product_tag?post=2467"}],"curies":[{"name":"wp","href":"https:\/\/api.w.org\/{rel}","templated":true}]}}