{"id":2425,"date":"2024-05-19T17:26:06","date_gmt":"2024-05-19T15:26:06","guid":{"rendered":"https:\/\/wadirumdune.com\/?post_type=product&#038;p=2425"},"modified":"2026-02-23T18:34:07","modified_gmt":"2026-02-23T17:34:07","slug":"lager","status":"publish","type":"product","link":"https:\/\/wadirumdune.com\/de\/product\/lager\/","title":{"rendered":"Lager"},"content":{"rendered":"<p>Schlafen Sie in unserem Camp unter den Sternen der Wadi Rum-W\u00fcste. Genie\u00dfen Sie den Komfort und die Authentizit\u00e4t unserer Beduinenzelte, die f\u00fcr ein einzigartiges Campingerlebnis ausgestattet sind. Erleben Sie den Zauber der W\u00fcste und wachen Sie mit dem Sonnenaufgang \u00fcber dieser legend\u00e4ren Landschaft auf.<\/p>","protected":false},"excerpt":{"rendered":"<p>Schlafen Sie in unserem Camp unter den Sternen der Wadi Rum-W\u00fcste. Genie\u00dfen Sie den Komfort und die Authentizit\u00e4t unserer Beduinenzelte, die f\u00fcr ein einzigartiges Campingerlebnis ausgestattet sind. Erleben Sie den Zauber der W\u00fcste und wachen Sie mit dem Sonnenaufgang \u00fcber dieser legend\u00e4ren Landschaft auf.<\/p>","protected":false},"featured_media":2027,"comment_status":"open","ping_status":"closed","template":"","meta":[],"product_brand":[],"product_cat":[38,29],"product_tag":[],"class_list":{"0":"post-2425","1":"product","2":"type-product","3":"status-publish","4":"has-post-thumbnail","6":"product_cat-camp-reservation","7":"product_cat-reservation","9":"first","10":"instock","11":"sale","12":"shipping-taxable","13":"purchasable","14":"product-type-variable","15":"has-default-attributes"},"exclude_global_add_ons":[],"addons":[],"jetpack_sharing_enabled":true,"tiered_pricing_type":"fixed","tiered_pricing_fixed_rules":[],"tiered_pricing_product_settings":{"layout":"default","base_unit_name":{"singular":null,"plural":null},"default_variation":null},"tiered_pricing_minimum_quantity":null,"tiered_pricing_roles_data":[],"tiered_pricing_percentage_rules":[],"_links":{"self":[{"href":"https:\/\/wadirumdune.com\/de\/wp-json\/wp\/v2\/product\/2425","targetHints":{"allow":["GET"]}}],"collection":[{"href":"https:\/\/wadirumdune.com\/de\/wp-json\/wp\/v2\/product"}],"about":[{"href":"https:\/\/wadirumdune.com\/de\/wp-json\/wp\/v2\/types\/product"}],"replies":[{"embeddable":true,"href":"https:\/\/wadirumdune.com\/de\/wp-json\/wp\/v2\/comments?post=2425"}],"version-history":[{"count":1,"href":"https:\/\/wadirumdune.com\/de\/wp-json\/wp\/v2\/product\/2425\/revisions"}],"predecessor-version":[{"id":5355,"href":"https:\/\/wadirumdune.com\/de\/wp-json\/wp\/v2\/product\/2425\/revisions\/5355"}],"wp:featuredmedia":[{"embeddable":true,"href":"https:\/\/wadirumdune.com\/de\/wp-json\/wp\/v2\/media\/2027"}],"wp:attachment":[{"href":"https:\/\/wadirumdune.com\/de\/wp-json\/wp\/v2\/media?parent=2425"}],"wp:term":[{"taxonomy":"product_brand","embeddable":true,"href":"https:\/\/wadirumdune.com\/de\/wp-json\/wp\/v2\/product_brand?post=2425"},{"taxonomy":"product_cat","embeddable":true,"href":"https:\/\/wadirumdune.com\/de\/wp-json\/wp\/v2\/product_cat?post=2425"},{"taxonomy":"product_tag","embeddable":true,"href":"https:\/\/wadirumdune.com\/de\/wp-json\/wp\/v2\/product_tag?post=2425"}],"curies":[{"name":"wp","href":"https:\/\/api.w.org\/{rel}","templated":true}]}}